{"id":3653,"date":"2022-04-07T15:38:49","date_gmt":"2022-04-07T12:38:49","guid":{"rendered":"http:\/\/ajansluxus.com\/add\/?page_id=3653"},"modified":"2022-06-21T17:34:57","modified_gmt":"2022-06-21T14:34:57","slug":"birlikte-calistiklarimiz","status":"publish","type":"page","link":"http:\/\/www.add.com.tr\/en\/birlikte-calistiklarimiz\/","title":{"rendered":"References"},"content":{"rendered":"<div data-vc-full-width=\"true\" data-vc-full-width-init=\"false\" class=\"vc_row wpb_row vc_row-fluid vc_row-o-equal-height vc_row-flex vlt-overflow-none\"><div class=\"wpb_column vc_column_container vc_col-sm-6\"><div class=\"vc_column-inner\"><div class=\"wpb_wrapper\"><div class=\"vc_empty_space\"   style=\"height: 120px\"><span class=\"vc_empty_space_inner\"><\/span><\/div><h2 style=\"color: #ffffff;text-align: left\" class=\"vc_custom_heading\" >References<\/h2><div class=\"vc_separator wpb_content_element vc_separator_align_center vc_sep_width_100 vc_sep_pos_align_center vc_separator_no_text vc_sep_color_white\" ><span class=\"vc_sep_holder vc_sep_holder_l\"><span  class=\"vc_sep_line\"><\/span><\/span><span class=\"vc_sep_holder vc_sep_holder_r\"><span  class=\"vc_sep_line\"><\/span><\/span>\n<\/div><div class=\"vc_empty_space\"   style=\"height: 64px\"><span class=\"vc_empty_space_inner\"><\/span><\/div><\/div><\/div><\/div><div class=\"wpb_column vc_column_container vc_col-sm-6\"><div class=\"vc_column-inner\"><div class=\"wpb_wrapper\"><\/div><\/div><\/div><\/div><div class=\"vc_row-full-width vc_clearfix\"><\/div><div class=\"nk-awb  nk-awb-after-vc_row\" ><div class=\"nk-awb-wrap\" data-awb-type=\"image\" data-awb-image-background-size=\"cover\" data-awb-image-background-position=\"50% 50%\" data-awb-parallax=\"scroll\" data-awb-parallax-speed=\"0.5\" data-awb-parallax-mobile=\"false\"><div  class=\"nk-awb-inner\"><img width=\"1920\" height=\"644\" src=\"http:\/\/www.add.com.tr\/wp-content\/uploads\/2022\/04\/birlikte.jpg\" class=\"jarallax-img\" alt=\"\" decoding=\"async\" loading=\"lazy\" style=\"object-position: 50% 50%;\" srcset=\"http:\/\/www.add.com.tr\/wp-content\/uploads\/2022\/04\/birlikte.jpg 1920w, http:\/\/www.add.com.tr\/wp-content\/uploads\/2022\/04\/birlikte-300x101.jpg 300w, http:\/\/www.add.com.tr\/wp-content\/uploads\/2022\/04\/birlikte-1024x343.jpg 1024w, http:\/\/www.add.com.tr\/wp-content\/uploads\/2022\/04\/birlikte-768x258.jpg 768w, http:\/\/www.add.com.tr\/wp-content\/uploads\/2022\/04\/birlikte-1536x515.jpg 1536w, http:\/\/www.add.com.tr\/wp-content\/uploads\/2022\/04\/birlikte-500x168.jpg 500w, http:\/\/www.add.com.tr\/wp-content\/uploads\/2022\/04\/birlikte-800x268.jpg 800w, http:\/\/www.add.com.tr\/wp-content\/uploads\/2022\/04\/birlikte-1280x429.jpg 1280w\" sizes=\"(max-width: 1920px) 100vw, 1920px\" \/><\/div><\/div><\/div><div data-vc-full-width=\"true\" data-vc-full-width-init=\"false\" class=\"vc_row wpb_row vc_row-fluid vc_row-o-equal-height vc_row-o-content-top vc_row-flex vlt-overflow-none\"><div class=\"wpb_column vc_column_container vc_col-sm-3\"><div class=\"vc_column-inner\"><div class=\"wpb_wrapper\"><\/div><\/div><\/div><div class=\"wpb_column vc_column_container vc_col-sm-3\"><div class=\"vc_column-inner\"><div class=\"wpb_wrapper\"><div class=\"vc_empty_space\"   style=\"height: 64px\"><span class=\"vc_empty_space_inner\"><\/span><\/div>\n\t<div class=\"wpb_text_column wpb_content_element\" >\n\t\t<div class=\"wpb_wrapper\">\n\t\t\t<ul>\n<li>Babyturk<\/li>\n<li>Bankenakademie<\/li>\n<li>\u00c7elebi Hava Servisi<\/li>\n<li>Duysel \u0130\u015fitme Cihazlar\u0131<\/li>\n<li>E \u00c7\u00f6z\u00fcm Bili\u015fim<\/li>\n<li>Eskidji M\u00fczayedecilik<\/li>\n<li>Eurobank Tekfen<\/li>\n<li>Excel \u0130leti\u015fim<\/li>\n<li>Family Finans<\/li>\n<li>Finans Leasing<\/li>\n<li>Halkbank<\/li>\n<li>Hedef Filo Hizmetleri<\/li>\n<li>Hesapkurdu<\/li>\n<li>Homer Turizm<\/li>\n<li>HSBC<\/li>\n<li>\u0130ltek \u0130leti\u015fim<\/li>\n<li>Kaleseramik<\/li>\n<li>Kalekim<\/li>\n<\/ul>\n\n\t\t<\/div>\n\t<\/div>\n<\/div><\/div><\/div><div class=\"wpb_column vc_column_container vc_col-sm-3\"><div class=\"vc_column-inner\"><div class=\"wpb_wrapper\"><div class=\"vc_empty_space\"   style=\"height: 64px\"><span class=\"vc_empty_space_inner\"><\/span><\/div>\n\t<div class=\"wpb_text_column wpb_content_element\" >\n\t\t<div class=\"wpb_wrapper\">\n\t\t\t<ul>\n<li>Kodak T\u00fcrkiye<\/li>\n<li>Mita\u015f Metal<\/li>\n<li>Moeller Elektrik<\/li>\n<li>National Turizm<\/li>\n<li>Oba G\u0131da<\/li>\n<li>Sense Kozmetik<\/li>\n<li>SPS \u0130leti\u015fim<\/li>\n<li>Supercamp<\/li>\n<li>\u015eent\u00fcrk M\u00fchendislik<\/li>\n<li>Teknik Aluminyum<\/li>\n<li>TicketTurk<\/li>\n<li>TSKB<\/li>\n<li>Turkcell<\/li>\n<li>T\u00fcrkiye Kalk\u0131nma Bankas\u0131<\/li>\n<li>Valuepartners<\/li>\n<li>Yeni Melek Sinemas\u0131<\/li>\n<li>YKB<\/li>\n<li>Ziraat Bankas\u0131<\/li>\n<\/ul>\n\n\t\t<\/div>\n\t<\/div>\n<\/div><\/div><\/div><div class=\"wpb_column vc_column_container vc_col-sm-3\"><div class=\"vc_column-inner\"><div class=\"wpb_wrapper\"><\/div><\/div><\/div><\/div><div class=\"vc_row-full-width vc_clearfix\"><\/div><div class=\"vc_row wpb_row vc_row-fluid vlt-overflow-none\"><div class=\"wpb_column vc_column_container vc_col-sm-12\"><div class=\"vc_column-inner\"><div class=\"wpb_wrapper\"><div class=\"templatera_shortcode\"><div class=\"vc_row wpb_row vc_row-fluid vlt-overflow-none\"><div class=\"wpb_column vc_column_container vc_col-sm-12\"><div class=\"vc_column-inner\"><div class=\"wpb_wrapper\"><div class=\"vc_empty_space\"   style=\"height: 32px\"><span class=\"vc_empty_space_inner\"><\/span><\/div><h2 style=\"text-align: center\" class=\"vc_custom_heading\" >Blog<\/h2><div class=\"vc_empty_space\"   style=\"height: 32px\"><span class=\"vc_empty_space_inner\"><\/span><\/div><div class=\"vc_separator wpb_content_element vc_separator_align_center vc_sep_width_100 vc_sep_pos_align_center vc_separator_no_text vc_sep_color_grey\" ><span class=\"vc_sep_holder vc_sep_holder_l\"><span  class=\"vc_sep_line\"><\/span><\/span><span class=\"vc_sep_holder vc_sep_holder_r\"><span  class=\"vc_sep_line\"><\/span><\/span>\n<\/div><div class=\"vc_empty_space\"   style=\"height: 16px\"><span class=\"vc_empty_space_inner\"><\/span><\/div><\/div><\/div><\/div><\/div><div class=\"vc_row wpb_row vc_row-fluid vlt-overflow-none\"><div class=\"wpb_column vc_column_container vc_col-sm-12\"><div class=\"vc_column-inner\"><div class=\"wpb_wrapper\">\n<div class=\"vc_grid-container-wrapper vc_clearfix vc_grid-animation-fadeIn\">\n\t<div class=\"vc_grid-container vc_clearfix wpb_content_element vc_basic_grid\" data-initial-loading-animation=\"fadeIn\" data-vc-grid-settings=\"{&quot;page_id&quot;:3393,&quot;style&quot;:&quot;load-more&quot;,&quot;action&quot;:&quot;vc_get_vc_grid_data&quot;,&quot;shortcode_id&quot;:&quot;1649961151187-ece87b16-93d8-8&quot;,&quot;items_per_page&quot;:6,&quot;btn_data&quot;:{&quot;title&quot;:&quot;Daha Fazla&quot;,&quot;style&quot;:&quot;flat&quot;,&quot;gradient_color_1&quot;:&quot;&quot;,&quot;gradient_color_2&quot;:&quot;&quot;,&quot;gradient_custom_color_1&quot;:&quot;&quot;,&quot;gradient_custom_color_2&quot;:&quot;&quot;,&quot;gradient_text_color&quot;:&quot;&quot;,&quot;custom_background&quot;:&quot;#ededed&quot;,&quot;custom_text&quot;:&quot;#666&quot;,&quot;outline_custom_color&quot;:&quot;#666&quot;,&quot;outline_custom_hover_background&quot;:&quot;#666&quot;,&quot;outline_custom_hover_text&quot;:&quot;#fff&quot;,&quot;shape&quot;:&quot;rounded&quot;,&quot;color&quot;:&quot;danger&quot;,&quot;size&quot;:&quot;md&quot;,&quot;align&quot;:&quot;inline&quot;,&quot;button_block&quot;:&quot;&quot;,&quot;add_icon&quot;:&quot;&quot;,&quot;i_align&quot;:&quot;left&quot;,&quot;i_type&quot;:&quot;fontawesome&quot;,&quot;i_icon_fontawesome&quot;:&quot;fas fa-adjust&quot;,&quot;i_icon_openiconic&quot;:&quot;vc-oi vc-oi-dial&quot;,&quot;i_icon_typicons&quot;:&quot;typcn typcn-adjust-brightness&quot;,&quot;i_icon_entypo&quot;:&quot;entypo-icon entypo-icon-note&quot;,&quot;i_icon_linecons&quot;:&quot;vc_li vc_li-heart&quot;,&quot;i_icon_monosocial&quot;:&quot;&quot;,&quot;i_icon_material&quot;:&quot;&quot;,&quot;i_icon_pixelicons&quot;:&quot;vc_pixel_icon vc_pixel_icon-alert&quot;,&quot;el_id&quot;:&quot;&quot;,&quot;custom_onclick&quot;:&quot;&quot;,&quot;custom_onclick_code&quot;:&quot;&quot;},&quot;tag&quot;:&quot;vc_basic_grid&quot;}\" data-vc-request=\"http:\/\/www.add.com.tr\/wp-admin\/admin-ajax.php\" data-vc-post-id=\"3393\" data-vc-public-nonce=\"cc9d6fc1f1\">\n\t\t<style data-type=\"vc_shortcodes-custom-css\">.vc_custom_1419240516480{background-color: #f9f9f9 !important;}<\/style><div class=\"vc_grid vc_row vc_grid-gutter-30px vc_pageable-wrapper vc_hook_hover\" data-vc-pageable-content=\"true\"><div class=\"vc_pageable-slide-wrapper vc_clearfix\" data-vc-grid-content=\"true\"><div class=\"vc_grid-item vc_clearfix vc_col-sm-4 vc_grid-item-zone-c-bottom\"><div class=\"vc_grid-item-mini vc_clearfix\"><div class=\"vc_gitem-animated-block\" ><div class=\"vc_gitem-zone vc_gitem-zone-a vc-gitem-zone-height-mode-auto vc-gitem-zone-height-mode-auto-1-1 vc_gitem-is-link\" style=\"background-image: url('http:\/\/www.add.com.tr\/wp-content\/uploads\/2022\/06\/1920-1024x326.jpg') !important;\"><a href=\"http:\/\/www.add.com.tr\/en\/donusum-ve-dijitallesen-dunyaya-dair\/\" title=\"D\u00f6n\u00fc\u015f\u00fcm Ve Dijitalle\u015fen D\u00fcnyaya Dair\u2026\" class=\"vc_gitem-link vc-zone-link\" ><\/a><img src=\"http:\/\/www.add.com.tr\/wp-content\/uploads\/2022\/06\/1920-1024x326.jpg\" class=\"vc_gitem-zone-img\" alt=\"D\u00f6n\u00fc\u015f\u00fcm Ve Dijitalle\u015fen D\u00fcnyaya Dair\u2026\"><div class=\"vc_gitem-zone-mini\"><\/div><\/div><\/div><div class=\"vc_gitem-zone vc_gitem-zone-c vc_custom_1419240516480\"><div class=\"vc_gitem-zone-mini\"><div class=\"vc_gitem_row vc_row vc_gitem-row-position-top\"><div class=\"vc_col-sm-12 vc_gitem-col vc_gitem-col-align-\"><div class=\"vc_custom_heading vc_gitem-post-data vc_gitem-post-data-source-post_title\" ><h4 style=\"text-align: left\" >D\u00f6n\u00fc\u015f\u00fcm Ve Dijitalle\u015fen D\u00fcnyaya Dair\u2026<\/h4><\/div><div class=\"vc_custom_heading vc_gitem-post-data vc_gitem-post-data-source-post_excerpt\" ><p style=\"text-align: left\" ><p>K\u00fcresel d\u00f6n\u00fc\u015f\u00fcm\u00fcn i\u00e7indeyiz. Bu d\u00f6n\u00fc\u015f\u00fcm s\u00fcreklilik arz ediyor; Dura\u011fan ve stabil olan bir d\u00f6n\u00fc\u015f\u00fcm dinami\u011fi de\u011fil. D\u00f6n\u00fc\u015f\u00fcm\u00fc karakterize eden \u00f6zellikler aras\u0131nda dijital-fiziksel ve biyolojik teknolojilerin b\u00fct\u00fcnle\u015fmesi bulunuyor. D\u00f6n\u00fc\u015f\u00fcm, \u00e7evremizdeki d\u00fcnyan\u0131n de\u011fi\u015fimine ve insan\u0131n ne oldu\u011funun anlam\u0131n\u0131n daha fazlas\u0131yla ke\u015ffine gitmesine yol a\u00e7\u0131yor. De\u011fi\u015fiklikler, \u00f6l\u00e7e\u011fi, h\u0131z\u0131 ve kapsad\u0131\u011f\u0131 alan itibariyle tarihi \u00f6zellikler bar\u0131nd\u0131rmakta. Bu b\u00fcy\u00fck d\u00f6n\u00fc\u015f\u00fcmde [&hellip;]<\/p>\n<\/p><\/div><div class=\"vc_btn3-container vc_btn3-left\"><a class=\"vc_general vc_btn3 vc_btn3-size-md vc_btn3-shape-rounded vc_btn3-style-flat vc_btn3-color-juicy-pink\" a href=\"http:\/\/www.add.com.tr\/en\/donusum-ve-dijitallesen-dunyaya-dair\/\" title=\"Daha Fazla\">Daha Fazla<\/a><\/div><\/div><\/div><\/div><\/div><\/div><div class=\"vc_clearfix\"><\/div><\/div><div class=\"vc_grid-item vc_clearfix vc_col-sm-4 vc_grid-item-zone-c-bottom\"><div class=\"vc_grid-item-mini vc_clearfix\"><div class=\"vc_gitem-animated-block\" ><div class=\"vc_gitem-zone vc_gitem-zone-a vc-gitem-zone-height-mode-auto vc-gitem-zone-height-mode-auto-1-1 vc_gitem-is-link\" style=\"background-image: url('http:\/\/www.add.com.tr\/wp-content\/uploads\/2022\/05\/blog2-1024x326.jpg') !important;\"><a href=\"http:\/\/www.add.com.tr\/en\/yeni-yeniliklere-yolculuk-2\/\" title=\"Yeni Yeniliklere Yolculuk \u2013 2\" class=\"vc_gitem-link vc-zone-link\" ><\/a><img src=\"http:\/\/www.add.com.tr\/wp-content\/uploads\/2022\/05\/blog2-1024x326.jpg\" class=\"vc_gitem-zone-img\" alt=\"Yeni Yeniliklere Yolculuk \u2013 2\"><div class=\"vc_gitem-zone-mini\"><\/div><\/div><\/div><div class=\"vc_gitem-zone vc_gitem-zone-c vc_custom_1419240516480\"><div class=\"vc_gitem-zone-mini\"><div class=\"vc_gitem_row vc_row vc_gitem-row-position-top\"><div class=\"vc_col-sm-12 vc_gitem-col vc_gitem-col-align-\"><div class=\"vc_custom_heading vc_gitem-post-data vc_gitem-post-data-source-post_title\" ><h4 style=\"text-align: left\" >Yeni Yeniliklere Yolculuk \u2013 2<\/h4><\/div><div class=\"vc_custom_heading vc_gitem-post-data vc_gitem-post-data-source-post_excerpt\" ><p style=\"text-align: left\" ><p>Bir \u00f6nceki yaz\u0131m\u0131zda, \u2018Yeni Yeniliklere Yolculuk\u2019 s\u00f6yleminin bizim i\u00e7in ne kadar de\u011ferli oldu\u011fundan bahsedece\u011fimizi s\u00f6ylemi\u015ftik. Bu s\u00f6ylem belki de slogan demek daha do\u011fru olur, biz, 90\u2019l\u0131 y\u0131llarda Yap\u0131 Kredi\u2019de \u00e7al\u0131\u015fanlar i\u00e7in tarifsiz bir heyecan\u0131n, umudun ve ba\u015farma azminin adeta simgesi oldu. O d\u00f6nem \u00e7al\u0131\u015fma hayat\u0131nda bulunan nesillerin \u00e7ok iyi hat\u0131rlayaca\u011f\u0131 gibi, Yap\u0131 Kredi Bankas\u0131\u2019nda 1988 [&hellip;]<\/p>\n<\/p><\/div><div class=\"vc_btn3-container vc_btn3-left\"><a class=\"vc_general vc_btn3 vc_btn3-size-md vc_btn3-shape-rounded vc_btn3-style-flat vc_btn3-color-juicy-pink\" a href=\"http:\/\/www.add.com.tr\/en\/yeni-yeniliklere-yolculuk-2\/\" title=\"Daha Fazla\">Daha Fazla<\/a><\/div><\/div><\/div><\/div><\/div><\/div><div class=\"vc_clearfix\"><\/div><\/div><div class=\"vc_grid-item vc_clearfix vc_col-sm-4 vc_grid-item-zone-c-bottom\"><div class=\"vc_grid-item-mini vc_clearfix\"><div class=\"vc_gitem-animated-block\" ><div class=\"vc_gitem-zone vc_gitem-zone-a vc-gitem-zone-height-mode-auto vc-gitem-zone-height-mode-auto-1-1 vc_gitem-is-link\" style=\"background-image: url('http:\/\/www.add.com.tr\/wp-content\/uploads\/2022\/04\/blog1-1024x326.jpg') !important;\"><a href=\"http:\/\/www.add.com.tr\/en\/yeni-yeniliklere-yolculuk-1\/\" title=\"Yeni Yeniliklere Yolculuk \u2013 1\" class=\"vc_gitem-link vc-zone-link\" ><\/a><img src=\"http:\/\/www.add.com.tr\/wp-content\/uploads\/2022\/04\/blog1-1024x326.jpg\" class=\"vc_gitem-zone-img\" alt=\"Yeni Yeniliklere Yolculuk \u2013 1\"><div class=\"vc_gitem-zone-mini\"><\/div><\/div><\/div><div class=\"vc_gitem-zone vc_gitem-zone-c vc_custom_1419240516480\"><div class=\"vc_gitem-zone-mini\"><div class=\"vc_gitem_row vc_row vc_gitem-row-position-top\"><div class=\"vc_col-sm-12 vc_gitem-col vc_gitem-col-align-\"><div class=\"vc_custom_heading vc_gitem-post-data vc_gitem-post-data-source-post_title\" ><h4 style=\"text-align: left\" >Yeni Yeniliklere Yolculuk \u2013 1<\/h4><\/div><div class=\"vc_custom_heading vc_gitem-post-data vc_gitem-post-data-source-post_excerpt\" ><p style=\"text-align: left\" ><p>Web sitemizi yenilemenin heyecan\u0131yla, bizim i\u00e7in yeni ve g\u00fczel bir u\u011fra\u015f olsun, alternatif ve m\u00fcmk\u00fcnse interaktif bir ileti\u015fim kanal\u0131 a\u00e7arak birlikte daha \u00e7ok \u015fey payla\u015fal\u0131m diye d\u00fc\u015f\u00fcnerek ayn\u0131 zamanda blo\u011fumuzu da a\u00e7maya karar verdik. \u00c7oook uzun y\u0131llar \u00f6nce ve \u00e7ok amat\u00f6r bir \u015fekilde alelacele hayata ge\u00e7irdi\u011fimiz web sitemiz adeta \u2018terzi kendi s\u00f6k\u00fc\u011f\u00fcn\u00fc dikemez\u2019 atas\u00f6z\u00fcn\u00fcn kar\u015f\u0131l\u0131\u011f\u0131n\u0131 [&hellip;]<\/p>\n<\/p><\/div><div class=\"vc_btn3-container vc_btn3-left\"><a class=\"vc_general vc_btn3 vc_btn3-size-md vc_btn3-shape-rounded vc_btn3-style-flat vc_btn3-color-juicy-pink\" a href=\"http:\/\/www.add.com.tr\/en\/yeni-yeniliklere-yolculuk-1\/\" title=\"Daha Fazla\">Daha Fazla<\/a><\/div><\/div><\/div><\/div><\/div><\/div><div class=\"vc_clearfix\"><\/div><\/div><\/div><div class=\"vc_pageable-load-more-btn\" data-vc-grid-load-more-btn=\"true\"><div class=\"vc_btn3-container  vc_grid-btn-load_more vc_btn3-inline\"><a href=\"javascript:;\" class=\"vc_general vc_btn3 vc_btn3-size-md vc_btn3-shape-rounded vc_btn3-style-flat vc_btn3-color-danger\"  title=\"Daha Fazla\">Daha Fazla<\/a><\/div><\/div><\/div>\n\t<\/div>\n<\/div><\/div><\/div><\/div><\/div><div class=\"vc_row wpb_row vc_row-fluid vlt-overflow-none\"><div class=\"wpb_column vc_column_container vc_col-sm-12\"><div class=\"vc_column-inner\"><div class=\"wpb_wrapper\"><div class=\"vc_empty_space\"   style=\"height: 64px\"><span class=\"vc_empty_space_inner\"><\/span><\/div><\/div><\/div><\/div><\/div>\n<\/div><\/div><\/div><\/div><\/div><div class=\"vc_row wpb_row vc_row-fluid vlt-overflow-none\"><div class=\"wpb_column vc_column_container vc_col-sm-12\"><div class=\"vc_column-inner\"><div class=\"wpb_wrapper\"><div class=\"templatera_shortcode\"><div class=\"vc_row wpb_row vc_row-fluid vlt-overflow-none\"><div class=\"wpb_column vc_column_container vc_col-sm-12\"><div class=\"vc_column-inner\"><div class=\"wpb_wrapper\"><div class=\"vc_empty_space\"   style=\"height: 32px\"><span class=\"vc_empty_space_inner\"><\/span><\/div><h2 style=\"text-align: center\" class=\"vc_custom_heading\" >Communication Form<\/h2><div class=\"vc_empty_space\"   style=\"height: 32px\"><span class=\"vc_empty_space_inner\"><\/span><\/div><div class=\"vc_separator wpb_content_element vc_separator_align_center vc_sep_width_100 vc_sep_pos_align_center vc_separator_no_text vc_sep_color_grey\" ><span class=\"vc_sep_holder vc_sep_holder_l\"><span  class=\"vc_sep_line\"><\/span><\/span><span class=\"vc_sep_holder vc_sep_holder_r\"><span  class=\"vc_sep_line\"><\/span><\/span>\n<\/div><div class=\"vc_empty_space\"   style=\"height: 16px\"><span class=\"vc_empty_space_inner\"><\/span><\/div><\/div><\/div><\/div><\/div><div class=\"vc_row wpb_row vc_row-fluid vc_custom_1647779681671 vc_row-has-fill vc_row-o-equal-height vc_row-o-content-middle vc_row-flex vlt-overflow-none\"><div class=\"wpb_column vc_column_container vc_col-sm-6 vc_col-has-fill\"><div class=\"vc_column-inner vc_custom_1647780626550\"><div class=\"wpb_wrapper\"><div id=\"highlight-box-wrap-5226\"  data-ultimate-target='#highlight-box-wrap-5226'  data-responsive-json-new='{\"font-size\":\"desktop:16px;\",\"line-height\":\"\"}'  class=\"ultimate-call-to-action ult-adjust-bottom-margin  ctaction-text-center ult-responsive\" style=\"font-weight:normal;color:#ffffff;background:#ff0000;padding-top:30px;padding-bottom:30px;padding-left:30px;padding-right:30px;margin:30px;\"  data-background=\"#ff0000\"  data-background-hover=\"#c0392b\"  data-override=\"0\" ><div class=\"uvc-ctaction-data uvc-ctaction-data-no-effect ult-responsive\">Take the first step toward the change for your business right now. Please fill out the form to contact us and take a step closer to realizing your vision.<\/div><\/div><\/div><\/div><\/div><div class=\"nk-awb  nk-awb-after-vc_column\" ><div class=\"nk-awb-wrap\" data-awb-type=\"color\" data-awb-image-background-size=\"cover\" data-awb-image-background-position=\"50% 50%\"><div class=\"nk-awb-overlay\" style=\"background-color: #ff0000;\"><\/div><div  class=\"nk-awb-inner\"><\/div><\/div><\/div><div class=\"wpb_column vc_column_container vc_col-sm-6\"><div class=\"vc_column-inner\"><div class=\"wpb_wrapper\">\n<div class=\"wpcf7 no-js\" id=\"wpcf7-f9-o1\" lang=\"en-US\" dir=\"ltr\">\n<div class=\"screen-reader-response\"><p role=\"status\" aria-live=\"polite\" aria-atomic=\"true\"><\/p> <ul><\/ul><\/div>\n<form action=\"\/en\/wp-json\/wp\/v2\/pages\/3653#wpcf7-f9-o1\" method=\"post\" class=\"wpcf7-form init\" aria-label=\"Contact form\" novalidate=\"novalidate\" data-status=\"init\" data-trp-original-action=\"\/en\/wp-json\/wp\/v2\/pages\/3653#wpcf7-f9-o1\">\n<div style=\"display: none;\">\n<input type=\"hidden\" name=\"_wpcf7\" value=\"9\" \/>\n<input type=\"hidden\" name=\"_wpcf7_version\" value=\"5.8.7\" \/>\n<input type=\"hidden\" name=\"_wpcf7_locale\" value=\"en_US\" \/>\n<input type=\"hidden\" name=\"_wpcf7_unit_tag\" value=\"wpcf7-f9-o1\" \/>\n<input type=\"hidden\" name=\"_wpcf7_container_post\" value=\"0\" \/>\n<input type=\"hidden\" name=\"_wpcf7_posted_data_hash\" value=\"\" \/>\n<input type=\"hidden\" name=\"_wpcf7_recaptcha_response\" value=\"\" \/>\n<\/div>\n<p><label> Name and Surname<br \/>\n<span class=\"wpcf7-form-control-wrap\" data-name=\"your-name\"><input size=\"40\" class=\"wpcf7-form-control wpcf7-text wpcf7-validates-as-required\" aria-required=\"true\" aria-invalid=\"false\" value=\"\" type=\"text\" name=\"your-name\" \/><\/span> <\/label>\n<\/p>\n<p><label> E-mail Address<br \/>\n<span class=\"wpcf7-form-control-wrap\" data-name=\"your-email\"><input size=\"40\" class=\"wpcf7-form-control wpcf7-email wpcf7-validates-as-required wpcf7-text wpcf7-validates-as-email\" aria-required=\"true\" aria-invalid=\"false\" value=\"\" type=\"email\" name=\"your-email\" \/><\/span> <\/label>\n<\/p>\n<p><label> Subject<br \/>\n<span class=\"wpcf7-form-control-wrap\" data-name=\"your-subject\"><input size=\"40\" class=\"wpcf7-form-control wpcf7-text wpcf7-validates-as-required\" aria-required=\"true\" aria-invalid=\"false\" value=\"\" type=\"text\" name=\"your-subject\" \/><\/span> <\/label>\n<\/p>\n<p><label> Your Message<br \/>\n<span class=\"wpcf7-form-control-wrap\" data-name=\"your-message\"><textarea cols=\"40\" rows=\"10\" class=\"wpcf7-form-control wpcf7-textarea\" aria-invalid=\"false\" name=\"your-message\"><\/textarea><\/span> <\/label>\n<\/p>\n<p><input class=\"wpcf7-form-control wpcf7-submit has-spinner\" type=\"submit\" value=\"Send\" \/>\n<\/p><div class=\"wpcf7-response-output\" aria-hidden=\"true\"><\/div>\n<input type=\"hidden\" name=\"trp-form-language\" value=\"en\"\/><\/form>\n<\/div>\n<\/div><\/div><\/div><\/div><div class=\"vc_row wpb_row vc_row-fluid vlt-overflow-none\"><div class=\"wpb_column vc_column_container vc_col-sm-12\"><div class=\"vc_column-inner\"><div class=\"wpb_wrapper\"><div class=\"vc_empty_space\"   style=\"height: 64px\"><span class=\"vc_empty_space_inner\"><\/span><\/div><\/div><\/div><\/div><\/div>\n<\/div><\/div><\/div><\/div><\/div>","protected":false},"excerpt":{"rendered":"\u0130leti\u015fim Formu \u015eirketiniz i\u00e7in de\u011fi\u015fimin ilk ad\u0131m\u0131n\u0131 bug\u00fcn at\u0131n. Formu doldurarak bizimle ileti\u015fime ge\u00e7in, vizyonunuzu ger\u00e7ekle\u015ftirmeye bir ad\u0131m daha yak\u0131nla\u015f\u0131n. Ad\u0131n\u0131z - Soyad\u0131n\u0131z E-Mail Adresiniz Konu Mesaj\u0131n\u0131z","protected":false},"author":1,"featured_media":0,"parent":0,"menu_order":0,"comment_status":"closed","ping_status":"closed","template":"template-custom-page.php","meta":{"_vp_format_video_url":"","_vp_image_focal_point":[]},"acf":[],"_links":{"self":[{"href":"http:\/\/www.add.com.tr\/en\/wp-json\/wp\/v2\/pages\/3653"}],"collection":[{"href":"http:\/\/www.add.com.tr\/en\/wp-json\/wp\/v2\/pages"}],"about":[{"href":"http:\/\/www.add.com.tr\/en\/wp-json\/wp\/v2\/types\/page"}],"author":[{"embeddable":true,"href":"http:\/\/www.add.com.tr\/en\/wp-json\/wp\/v2\/users\/1"}],"replies":[{"embeddable":true,"href":"http:\/\/www.add.com.tr\/en\/wp-json\/wp\/v2\/comments?post=3653"}],"version-history":[{"count":10,"href":"http:\/\/www.add.com.tr\/en\/wp-json\/wp\/v2\/pages\/3653\/revisions"}],"predecessor-version":[{"id":4051,"href":"http:\/\/www.add.com.tr\/en\/wp-json\/wp\/v2\/pages\/3653\/revisions\/4051"}],"wp:attachment":[{"href":"http:\/\/www.add.com.tr\/en\/wp-json\/wp\/v2\/media?parent=3653"}],"curies":[{"name":"wp","href":"https:\/\/api.w.org\/{rel}","templated":true}]}}