{"id":3648,"date":"2022-04-07T12:26:59","date_gmt":"2022-04-07T09:26:59","guid":{"rendered":"http:\/\/ajansluxus.com\/add\/?page_id=3648"},"modified":"2022-04-15T11:57:52","modified_gmt":"2022-04-15T08:57:52","slug":"sen-demirer","status":"publish","type":"page","link":"http:\/\/www.add.com.tr\/en\/sen-demirer\/","title":{"rendered":"\u015een Demirer"},"content":{"rendered":"<div data-vc-full-width=\"true\" data-vc-full-width-init=\"false\" class=\"vc_row wpb_row vc_row-fluid vc_row-o-equal-height vc_row-flex vlt-overflow-none\"><div class=\"wpb_column vc_column_container vc_col-sm-6\"><div class=\"vc_column-inner\"><div class=\"wpb_wrapper\"><div class=\"vc_empty_space\"   style=\"height: 120px\"><span class=\"vc_empty_space_inner\"><\/span><\/div><h2 style=\"color: #020202;text-align: left\" class=\"vc_custom_heading\" >\u015een Demirer<\/h2><div class=\"vc_separator wpb_content_element vc_separator_align_center vc_sep_width_100 vc_sep_pos_align_center vc_separator_no_text vc_sep_color_black\" ><span class=\"vc_sep_holder vc_sep_holder_l\"><span  class=\"vc_sep_line\"><\/span><\/span><span class=\"vc_sep_holder vc_sep_holder_r\"><span  class=\"vc_sep_line\"><\/span><\/span>\n<\/div><div class=\"vc_empty_space\"   style=\"height: 64px\"><span class=\"vc_empty_space_inner\"><\/span><\/div><\/div><\/div><\/div><div class=\"wpb_column vc_column_container vc_col-sm-6\"><div class=\"vc_column-inner\"><div class=\"wpb_wrapper\"><\/div><\/div><\/div><\/div><div class=\"vc_row-full-width vc_clearfix\"><\/div><div class=\"nk-awb  nk-awb-after-vc_row\" ><div class=\"nk-awb-wrap\" data-awb-type=\"image\" data-awb-image-background-size=\"cover\" data-awb-image-background-position=\"50% 50%\" data-awb-parallax=\"scroll\" data-awb-parallax-speed=\"0.5\" data-awb-parallax-mobile=\"false\"><div  class=\"nk-awb-inner\"><img width=\"1920\" height=\"644\" src=\"http:\/\/www.add.com.tr\/wp-content\/uploads\/2022\/04\/ortaklar.jpg\" class=\"jarallax-img\" alt=\"\" decoding=\"async\" loading=\"lazy\" style=\"object-position: 50% 50%;\" srcset=\"http:\/\/www.add.com.tr\/wp-content\/uploads\/2022\/04\/ortaklar.jpg 1920w, http:\/\/www.add.com.tr\/wp-content\/uploads\/2022\/04\/ortaklar-300x101.jpg 300w, http:\/\/www.add.com.tr\/wp-content\/uploads\/2022\/04\/ortaklar-1024x343.jpg 1024w, http:\/\/www.add.com.tr\/wp-content\/uploads\/2022\/04\/ortaklar-768x258.jpg 768w, http:\/\/www.add.com.tr\/wp-content\/uploads\/2022\/04\/ortaklar-1536x515.jpg 1536w, http:\/\/www.add.com.tr\/wp-content\/uploads\/2022\/04\/ortaklar-500x168.jpg 500w, http:\/\/www.add.com.tr\/wp-content\/uploads\/2022\/04\/ortaklar-800x268.jpg 800w, http:\/\/www.add.com.tr\/wp-content\/uploads\/2022\/04\/ortaklar-1280x429.jpg 1280w\" sizes=\"(max-width: 1920px) 100vw, 1920px\" \/><\/div><\/div><\/div><div data-vc-full-width=\"true\" data-vc-full-width-init=\"false\" class=\"vc_row wpb_row vc_row-fluid vc_custom_1647704754138 vc_row-has-fill vc_row-o-equal-height vc_row-o-content-middle vc_row-flex vlt-overflow-none\"><div class=\"wpb_column vc_column_container vc_col-sm-12 vc_col-has-fill\"><div class=\"vc_column-inner vc_custom_1647699250191\"><div class=\"wpb_wrapper\"><div class=\"vc_empty_space\"   style=\"height: 64px\"><span class=\"vc_empty_space_inner\"><\/span><\/div><\/div><\/div><\/div><\/div><div class=\"vc_row-full-width vc_clearfix\"><\/div><div class=\"nk-awb  nk-awb-after-vc_row\" ><div class=\"nk-awb-wrap\" data-awb-type=\"color\" data-awb-image-background-size=\"cover\" data-awb-image-background-position=\"50% 50%\"><div  class=\"nk-awb-inner\"><\/div><\/div><\/div><div data-vc-full-width=\"true\" data-vc-full-width-init=\"false\" class=\"vc_row wpb_row vc_row-fluid vc_row-o-equal-height vc_row-o-content-top vc_row-flex vlt-overflow-none\"><div class=\"wpb_column vc_column_container vc_col-sm-6\"><div class=\"vc_column-inner\"><div class=\"wpb_wrapper\"><div class=\"vc_empty_space\"   style=\"height: 110px\"><span class=\"vc_empty_space_inner\"><\/span><\/div>\n\t<div  class=\"wpb_single_image wpb_content_element vc_align_center\">\n\t\t\n\t\t<figure class=\"wpb_wrapper vc_figure\">\n\t\t\t<div class=\"vc_single_image-wrapper   vc_box_border_grey\"><img width=\"700\" height=\"400\" src=\"http:\/\/www.add.com.tr\/wp-content\/uploads\/2022\/04\/sen-demirer.jpg\" class=\"vc_single_image-img attachment-full\" alt=\"\" decoding=\"async\" loading=\"lazy\" title=\"sen-demirer\" srcset=\"http:\/\/www.add.com.tr\/wp-content\/uploads\/2022\/04\/sen-demirer.jpg 700w, http:\/\/www.add.com.tr\/wp-content\/uploads\/2022\/04\/sen-demirer-300x171.jpg 300w, http:\/\/www.add.com.tr\/wp-content\/uploads\/2022\/04\/sen-demirer-500x286.jpg 500w\" sizes=\"(max-width: 700px) 100vw, 700px\" \/><\/div>\n\t\t<\/figure>\n\t<\/div>\n<\/div><\/div><\/div><div class=\"wpb_column vc_column_container vc_col-sm-6\"><div class=\"vc_column-inner\"><div class=\"wpb_wrapper\"><h2 style=\"text-align: left\" class=\"vc_custom_heading\" >\u015een Demirer<\/h2><div class=\"vc_separator wpb_content_element vc_separator_align_center vc_sep_width_100 vc_sep_pos_align_center vc_separator_no_text vc_sep_color_grey\" ><span class=\"vc_sep_holder vc_sep_holder_l\"><span  class=\"vc_sep_line\"><\/span><\/span><span class=\"vc_sep_holder vc_sep_holder_r\"><span  class=\"vc_sep_line\"><\/span><\/span>\n<\/div>\n\t<div class=\"wpb_text_column wpb_content_element\" >\n\t\t<div class=\"wpb_wrapper\">\n\t\t\t<p>\u015een Demirer graduated from the Middle East Technical University's Department of Architecture in 1979. In 1987, after her professional experience in many areas, particularly sales management, With the foundation of Yap\u0131 Kredi Leasing A.\u015e., which was the first financial leasing company in the Turkish financial market. she joined the company's Marketing and Sales Management team. She was named General Manager of Rant Leasing in 1997 after working as Assistant General Manager at Yap\u0131 Kredi Leasing. Between 1997 and 2001, she worked at Rant Leasing. Demirer has been a partner of <strong>add<\/strong> since 2001, and her areas of expertise include general management, marketing and sales management, customer relations management, credit management, and international relations.<\/p>\n\n\t\t<\/div>\n\t<\/div>\n<div class=\"vc_empty_space\"   style=\"height: 64px\"><span class=\"vc_empty_space_inner\"><\/span><\/div><\/div><\/div><\/div><\/div><div class=\"vc_row-full-width vc_clearfix\"><\/div><div class=\"vc_row wpb_row vc_row-fluid vlt-overflow-none\"><div class=\"wpb_column vc_column_container vc_col-sm-12\"><div class=\"vc_column-inner\"><div class=\"wpb_wrapper\"><div class=\"vc_separator wpb_content_element vc_separator_align_center vc_sep_width_100 vc_sep_pos_align_center vc_separator_no_text vc_sep_color_grey\" ><span class=\"vc_sep_holder vc_sep_holder_l\"><span  class=\"vc_sep_line\"><\/span><\/span><span class=\"vc_sep_holder vc_sep_holder_r\"><span  class=\"vc_sep_line\"><\/span><\/span>\n<\/div><\/div><\/div><\/div><\/div>","protected":false},"excerpt":{"rendered":"\u015een Demirer \u015een Demirer \u015een Demirer 1979 y\u0131l\u0131nda Ortado\u011fu Teknik \u00dcniversitesi Mimarl\u0131k B\u00f6l\u00fcm\u00fcnden mezun oldu. De\u011fi\u015fik sekt\u00f6rlerde \u00f6zellikle sat\u0131\u015f y\u00f6netimi konusundaki profesyonel deneyiminin ard\u0131ndan 1987 y\u0131l\u0131nda T\u00fcrk finans pazar\u0131nda ilk kez ve yeni yap\u0131lanmakta olan leasing sekt\u00f6r\u00fcne ge\u00e7ti. Yap\u0131 Kredi Leasing A\u015e\u2019nin kurulu\u015f \u00e7al\u0131\u015fmalar\u0131yla birlikte \u015eirket\u2019in Pazarlama ve Sat\u0131\u015f Y\u00f6netimi kadrosuna kat\u0131ld\u0131. Yap\u0131 Kredi Leasing\u2019deki [...]","protected":false},"author":1,"featured_media":0,"parent":0,"menu_order":0,"comment_status":"closed","ping_status":"closed","template":"template-custom-page.php","meta":{"_vp_format_video_url":"","_vp_image_focal_point":[]},"acf":[],"_links":{"self":[{"href":"http:\/\/www.add.com.tr\/en\/wp-json\/wp\/v2\/pages\/3648"}],"collection":[{"href":"http:\/\/www.add.com.tr\/en\/wp-json\/wp\/v2\/pages"}],"about":[{"href":"http:\/\/www.add.com.tr\/en\/wp-json\/wp\/v2\/types\/page"}],"author":[{"embeddable":true,"href":"http:\/\/www.add.com.tr\/en\/wp-json\/wp\/v2\/users\/1"}],"replies":[{"embeddable":true,"href":"http:\/\/www.add.com.tr\/en\/wp-json\/wp\/v2\/comments?post=3648"}],"version-history":[{"count":4,"href":"http:\/\/www.add.com.tr\/en\/wp-json\/wp\/v2\/pages\/3648\/revisions"}],"predecessor-version":[{"id":3771,"href":"http:\/\/www.add.com.tr\/en\/wp-json\/wp\/v2\/pages\/3648\/revisions\/3771"}],"wp:attachment":[{"href":"http:\/\/www.add.com.tr\/en\/wp-json\/wp\/v2\/media?parent=3648"}],"curies":[{"name":"wp","href":"https:\/\/api.w.org\/{rel}","templated":true}]}}