{"id":3645,"date":"2022-04-07T12:23:52","date_gmt":"2022-04-07T09:23:52","guid":{"rendered":"http:\/\/ajansluxus.com\/add\/?page_id=3645"},"modified":"2022-04-15T11:56:27","modified_gmt":"2022-04-15T08:56:27","slug":"mustafa-hakki","status":"publish","type":"page","link":"http:\/\/www.add.com.tr\/en\/mustafa-hakki\/","title":{"rendered":"Mustafa Hakk\u0131"},"content":{"rendered":"<div data-vc-full-width=\"true\" data-vc-full-width-init=\"false\" class=\"vc_row wpb_row vc_row-fluid vc_row-o-equal-height vc_row-flex vlt-overflow-none\"><div class=\"wpb_column vc_column_container vc_col-sm-6\"><div class=\"vc_column-inner\"><div class=\"wpb_wrapper\"><div class=\"vc_empty_space\"   style=\"height: 120px\"><span class=\"vc_empty_space_inner\"><\/span><\/div><h2 style=\"color: #020202;text-align: left\" class=\"vc_custom_heading\" >Mustafa Hakk\u0131<\/h2><div class=\"vc_separator wpb_content_element vc_separator_align_center vc_sep_width_100 vc_sep_pos_align_center vc_separator_no_text vc_sep_color_black\" ><span class=\"vc_sep_holder vc_sep_holder_l\"><span  class=\"vc_sep_line\"><\/span><\/span><span class=\"vc_sep_holder vc_sep_holder_r\"><span  class=\"vc_sep_line\"><\/span><\/span>\n<\/div><div class=\"vc_empty_space\"   style=\"height: 64px\"><span class=\"vc_empty_space_inner\"><\/span><\/div><\/div><\/div><\/div><div class=\"wpb_column vc_column_container vc_col-sm-6\"><div class=\"vc_column-inner\"><div class=\"wpb_wrapper\"><\/div><\/div><\/div><\/div><div class=\"vc_row-full-width vc_clearfix\"><\/div><div class=\"nk-awb  nk-awb-after-vc_row\" ><div class=\"nk-awb-wrap\" data-awb-type=\"image\" data-awb-image-background-size=\"cover\" data-awb-image-background-position=\"50% 50%\" data-awb-parallax=\"scroll\" data-awb-parallax-speed=\"0.5\" data-awb-parallax-mobile=\"false\"><div  class=\"nk-awb-inner\"><img width=\"1920\" height=\"644\" src=\"http:\/\/www.add.com.tr\/wp-content\/uploads\/2022\/04\/ortaklar.jpg\" class=\"jarallax-img\" alt=\"\" decoding=\"async\" loading=\"lazy\" style=\"object-position: 50% 50%;\" srcset=\"http:\/\/www.add.com.tr\/wp-content\/uploads\/2022\/04\/ortaklar.jpg 1920w, http:\/\/www.add.com.tr\/wp-content\/uploads\/2022\/04\/ortaklar-300x101.jpg 300w, http:\/\/www.add.com.tr\/wp-content\/uploads\/2022\/04\/ortaklar-1024x343.jpg 1024w, http:\/\/www.add.com.tr\/wp-content\/uploads\/2022\/04\/ortaklar-768x258.jpg 768w, http:\/\/www.add.com.tr\/wp-content\/uploads\/2022\/04\/ortaklar-1536x515.jpg 1536w, http:\/\/www.add.com.tr\/wp-content\/uploads\/2022\/04\/ortaklar-500x168.jpg 500w, http:\/\/www.add.com.tr\/wp-content\/uploads\/2022\/04\/ortaklar-800x268.jpg 800w, http:\/\/www.add.com.tr\/wp-content\/uploads\/2022\/04\/ortaklar-1280x429.jpg 1280w\" sizes=\"(max-width: 1920px) 100vw, 1920px\" \/><\/div><\/div><\/div><div data-vc-full-width=\"true\" data-vc-full-width-init=\"false\" class=\"vc_row wpb_row vc_row-fluid vc_custom_1647704754138 vc_row-has-fill vc_row-o-equal-height vc_row-o-content-middle vc_row-flex vlt-overflow-none\"><div class=\"wpb_column vc_column_container vc_col-sm-12 vc_col-has-fill\"><div class=\"vc_column-inner vc_custom_1647699250191\"><div class=\"wpb_wrapper\"><div class=\"vc_empty_space\"   style=\"height: 64px\"><span class=\"vc_empty_space_inner\"><\/span><\/div><\/div><\/div><\/div><\/div><div class=\"vc_row-full-width vc_clearfix\"><\/div><div class=\"nk-awb  nk-awb-after-vc_row\" ><div class=\"nk-awb-wrap\" data-awb-type=\"color\" data-awb-image-background-size=\"cover\" data-awb-image-background-position=\"50% 50%\"><div  class=\"nk-awb-inner\"><\/div><\/div><\/div><div data-vc-full-width=\"true\" data-vc-full-width-init=\"false\" class=\"vc_row wpb_row vc_row-fluid vc_row-o-equal-height vc_row-o-content-top vc_row-flex vlt-overflow-none\"><div class=\"wpb_column vc_column_container vc_col-sm-6\"><div class=\"vc_column-inner\"><div class=\"wpb_wrapper\"><div class=\"vc_empty_space\"   style=\"height: 110px\"><span class=\"vc_empty_space_inner\"><\/span><\/div>\n\t<div  class=\"wpb_single_image wpb_content_element vc_align_center\">\n\t\t\n\t\t<figure class=\"wpb_wrapper vc_figure\">\n\t\t\t<div class=\"vc_single_image-wrapper   vc_box_border_grey\"><img width=\"700\" height=\"400\" src=\"http:\/\/www.add.com.tr\/wp-content\/uploads\/2022\/04\/mustafa-hakki.jpg\" class=\"vc_single_image-img attachment-full\" alt=\"\" decoding=\"async\" loading=\"lazy\" title=\"mustafa-hakki\" srcset=\"http:\/\/www.add.com.tr\/wp-content\/uploads\/2022\/04\/mustafa-hakki.jpg 700w, http:\/\/www.add.com.tr\/wp-content\/uploads\/2022\/04\/mustafa-hakki-300x171.jpg 300w, http:\/\/www.add.com.tr\/wp-content\/uploads\/2022\/04\/mustafa-hakki-500x286.jpg 500w\" sizes=\"(max-width: 700px) 100vw, 700px\" \/><\/div>\n\t\t<\/figure>\n\t<\/div>\n<\/div><\/div><\/div><div class=\"wpb_column vc_column_container vc_col-sm-6\"><div class=\"vc_column-inner\"><div class=\"wpb_wrapper\"><h2 style=\"text-align: left\" class=\"vc_custom_heading\" >Mustafa Hakk\u0131<\/h2><div class=\"vc_separator wpb_content_element vc_separator_align_center vc_sep_width_100 vc_sep_pos_align_center vc_separator_no_text vc_sep_color_grey\" ><span class=\"vc_sep_holder vc_sep_holder_l\"><span  class=\"vc_sep_line\"><\/span><\/span><span class=\"vc_sep_holder vc_sep_holder_r\"><span  class=\"vc_sep_line\"><\/span><\/span>\n<\/div>\n\t<div class=\"wpb_text_column wpb_content_element\" >\n\t\t<div class=\"wpb_wrapper\">\n\t\t\t<p>Mustafa Hakk\u0131, a 1991 graduate of Bo\u011fazi\u00e7i University's Department of Business Administration, worked for Yap\u0131 Kredi Bank in several capacities, including financial analysis, corporate marketing, and sales management until 2000. During the bank's 1993\u201398 Transformation Journey and YK2000 Project processes, he was in charge of projects, particularly those requiring technology transformation, in the fields of Customer Information File, Information Quality Improvement, Commercial Loans, Y2K Business Risk, Credit Rating, Data Warehouse, Chain Collection System, Bank Reconciliation Program, Profitability Management System, Corporate Marketing and Cash Management, and Bank Reconciliation Program in particular. He left this role in 2000 to found <strong>add<\/strong>and currently shares his professional experience with <strong>add<\/strong> customers for their change and transformation processes, allowing them to stay on the cutting edge of today's industry.<\/p>\n<p>Mustafa Hakk\u0131, who attended Galatasaray High School for his secondary and high school education, speaks French, English, Greek, and Italian.<\/p>\n\n\t\t<\/div>\n\t<\/div>\n<div class=\"vc_empty_space\"   style=\"height: 64px\"><span class=\"vc_empty_space_inner\"><\/span><\/div><\/div><\/div><\/div><\/div><div class=\"vc_row-full-width vc_clearfix\"><\/div><div class=\"vc_row wpb_row vc_row-fluid vlt-overflow-none\"><div class=\"wpb_column vc_column_container vc_col-sm-12\"><div class=\"vc_column-inner\"><div class=\"wpb_wrapper\"><div class=\"vc_separator wpb_content_element vc_separator_align_center vc_sep_width_100 vc_sep_pos_align_center vc_separator_no_text vc_sep_color_grey\" ><span class=\"vc_sep_holder vc_sep_holder_l\"><span  class=\"vc_sep_line\"><\/span><\/span><span class=\"vc_sep_holder vc_sep_holder_r\"><span  class=\"vc_sep_line\"><\/span><\/span>\n<\/div><\/div><\/div><\/div><\/div>","protected":false},"excerpt":{"rendered":"Mustafa Hakk\u0131 Mustafa Hakk\u0131 Bo\u011fazi\u00e7i \u00dcniversitesi \u0130\u015fletme B\u00f6l\u00fcm\u00fc 1991 y\u0131l\u0131 mezunu olan Mustafa Hakk\u0131, Yap\u0131 Kredi Bankas\u0131\u2019nda Mali Tahlil, Kurumsal Pazarlama ve Sat\u0131\u015f Y\u00f6netimlerinde 2000 y\u0131l\u0131na kadar \u00e7e\u015fitli g\u00f6revler \u00fcstlendi. Bankan\u0131n 1993 \u2013 1998 D\u00f6n\u00fc\u015f\u00fcm Yolculu\u011fu ve YK2000 Projesi s\u00fcre\u00e7lerinde, M\u00fc\u015fteri Bilgi Dosyas\u0131, Bilgi Kalitesi \u0130yile\u015ftirme, Ticari Krediler, Y2K \u0130\u015f Riski, Kredi Derecelendirme, Veri Ambar\u0131, [...]","protected":false},"author":1,"featured_media":0,"parent":0,"menu_order":0,"comment_status":"closed","ping_status":"closed","template":"template-custom-page.php","meta":{"_vp_format_video_url":"","_vp_image_focal_point":[]},"acf":[],"_links":{"self":[{"href":"http:\/\/www.add.com.tr\/en\/wp-json\/wp\/v2\/pages\/3645"}],"collection":[{"href":"http:\/\/www.add.com.tr\/en\/wp-json\/wp\/v2\/pages"}],"about":[{"href":"http:\/\/www.add.com.tr\/en\/wp-json\/wp\/v2\/types\/page"}],"author":[{"embeddable":true,"href":"http:\/\/www.add.com.tr\/en\/wp-json\/wp\/v2\/users\/1"}],"replies":[{"embeddable":true,"href":"http:\/\/www.add.com.tr\/en\/wp-json\/wp\/v2\/comments?post=3645"}],"version-history":[{"count":3,"href":"http:\/\/www.add.com.tr\/en\/wp-json\/wp\/v2\/pages\/3645\/revisions"}],"predecessor-version":[{"id":3770,"href":"http:\/\/www.add.com.tr\/en\/wp-json\/wp\/v2\/pages\/3645\/revisions\/3770"}],"wp:attachment":[{"href":"http:\/\/www.add.com.tr\/en\/wp-json\/wp\/v2\/media?parent=3645"}],"curies":[{"name":"wp","href":"https:\/\/api.w.org\/{rel}","templated":true}]}}