{"id":3464,"date":"2022-03-23T15:15:55","date_gmt":"2022-03-23T12:15:55","guid":{"rendered":"http:\/\/ajansluxus.com\/add\/?page_id=3464"},"modified":"2022-04-15T11:55:37","modified_gmt":"2022-04-15T08:55:37","slug":"isin-tugrul","status":"publish","type":"page","link":"http:\/\/www.add.com.tr\/en\/isin-tugrul\/","title":{"rendered":"I\u015f\u0131n Tu\u011frul"},"content":{"rendered":"<div data-vc-full-width=\"true\" data-vc-full-width-init=\"false\" class=\"vc_row wpb_row vc_row-fluid vc_row-o-equal-height vc_row-flex vlt-overflow-none\"><div class=\"wpb_column vc_column_container vc_col-sm-6\"><div class=\"vc_column-inner\"><div class=\"wpb_wrapper\"><div class=\"vc_empty_space\"   style=\"height: 120px\"><span class=\"vc_empty_space_inner\"><\/span><\/div><h2 style=\"color: #020202;text-align: left\" class=\"vc_custom_heading\" >I\u015f\u0131n Tu\u011frul<\/h2><div class=\"vc_separator wpb_content_element vc_separator_align_center vc_sep_width_100 vc_sep_pos_align_center vc_separator_no_text vc_sep_color_black\" ><span class=\"vc_sep_holder vc_sep_holder_l\"><span  class=\"vc_sep_line\"><\/span><\/span><span class=\"vc_sep_holder vc_sep_holder_r\"><span  class=\"vc_sep_line\"><\/span><\/span>\n<\/div><div class=\"vc_empty_space\"   style=\"height: 64px\"><span class=\"vc_empty_space_inner\"><\/span><\/div><\/div><\/div><\/div><div class=\"wpb_column vc_column_container vc_col-sm-6\"><div class=\"vc_column-inner\"><div class=\"wpb_wrapper\"><\/div><\/div><\/div><\/div><div class=\"vc_row-full-width vc_clearfix\"><\/div><div class=\"nk-awb  nk-awb-after-vc_row\" ><div class=\"nk-awb-wrap\" data-awb-type=\"image\" data-awb-image-background-size=\"cover\" data-awb-image-background-position=\"50% 50%\" data-awb-parallax=\"scroll\" data-awb-parallax-speed=\"0.5\" data-awb-parallax-mobile=\"false\"><div  class=\"nk-awb-inner\"><img width=\"1920\" height=\"644\" src=\"http:\/\/www.add.com.tr\/wp-content\/uploads\/2022\/04\/ortaklar.jpg\" class=\"jarallax-img\" alt=\"\" decoding=\"async\" loading=\"lazy\" style=\"object-position: 50% 50%;\" srcset=\"http:\/\/www.add.com.tr\/wp-content\/uploads\/2022\/04\/ortaklar.jpg 1920w, http:\/\/www.add.com.tr\/wp-content\/uploads\/2022\/04\/ortaklar-300x101.jpg 300w, http:\/\/www.add.com.tr\/wp-content\/uploads\/2022\/04\/ortaklar-1024x343.jpg 1024w, http:\/\/www.add.com.tr\/wp-content\/uploads\/2022\/04\/ortaklar-768x258.jpg 768w, http:\/\/www.add.com.tr\/wp-content\/uploads\/2022\/04\/ortaklar-1536x515.jpg 1536w, http:\/\/www.add.com.tr\/wp-content\/uploads\/2022\/04\/ortaklar-500x168.jpg 500w, http:\/\/www.add.com.tr\/wp-content\/uploads\/2022\/04\/ortaklar-800x268.jpg 800w, http:\/\/www.add.com.tr\/wp-content\/uploads\/2022\/04\/ortaklar-1280x429.jpg 1280w\" sizes=\"(max-width: 1920px) 100vw, 1920px\" \/><\/div><\/div><\/div><div data-vc-full-width=\"true\" data-vc-full-width-init=\"false\" class=\"vc_row wpb_row vc_row-fluid vc_custom_1647704754138 vc_row-has-fill vc_row-o-equal-height vc_row-o-content-middle vc_row-flex vlt-overflow-none\"><div class=\"wpb_column vc_column_container vc_col-sm-12 vc_col-has-fill\"><div class=\"vc_column-inner vc_custom_1647699250191\"><div class=\"wpb_wrapper\"><div class=\"vc_empty_space\"   style=\"height: 64px\"><span class=\"vc_empty_space_inner\"><\/span><\/div><\/div><\/div><\/div><\/div><div class=\"vc_row-full-width vc_clearfix\"><\/div><div class=\"nk-awb  nk-awb-after-vc_row\" ><div class=\"nk-awb-wrap\" data-awb-type=\"color\" data-awb-image-background-size=\"cover\" data-awb-image-background-position=\"50% 50%\"><div  class=\"nk-awb-inner\"><\/div><\/div><\/div><div data-vc-full-width=\"true\" data-vc-full-width-init=\"false\" class=\"vc_row wpb_row vc_row-fluid vc_row-o-equal-height vc_row-o-content-top vc_row-flex vlt-overflow-none\"><div class=\"wpb_column vc_column_container vc_col-sm-6\"><div class=\"vc_column-inner\"><div class=\"wpb_wrapper\"><div class=\"vc_empty_space\"   style=\"height: 110px\"><span class=\"vc_empty_space_inner\"><\/span><\/div>\n\t<div  class=\"wpb_single_image wpb_content_element vc_align_center\">\n\t\t\n\t\t<figure class=\"wpb_wrapper vc_figure\">\n\t\t\t<div class=\"vc_single_image-wrapper   vc_box_border_grey\"><img width=\"700\" height=\"400\" src=\"http:\/\/www.add.com.tr\/wp-content\/uploads\/2022\/03\/isin1.jpg\" class=\"vc_single_image-img attachment-full\" alt=\"\" decoding=\"async\" loading=\"lazy\" title=\"isin1\" srcset=\"http:\/\/www.add.com.tr\/wp-content\/uploads\/2022\/03\/isin1.jpg 700w, http:\/\/www.add.com.tr\/wp-content\/uploads\/2022\/03\/isin1-300x171.jpg 300w, http:\/\/www.add.com.tr\/wp-content\/uploads\/2022\/03\/isin1-500x286.jpg 500w, http:\/\/www.add.com.tr\/wp-content\/uploads\/2022\/03\/isin1-600x343.jpg 600w\" sizes=\"(max-width: 700px) 100vw, 700px\" \/><\/div>\n\t\t<\/figure>\n\t<\/div>\n<\/div><\/div><\/div><div class=\"wpb_column vc_column_container vc_col-sm-6\"><div class=\"vc_column-inner\"><div class=\"wpb_wrapper\"><h2 style=\"text-align: left\" class=\"vc_custom_heading\" >I\u015f\u0131n Tu\u011frul<\/h2><div class=\"vc_separator wpb_content_element vc_separator_align_center vc_sep_width_100 vc_sep_pos_align_center vc_separator_no_text vc_sep_color_grey\" ><span class=\"vc_sep_holder vc_sep_holder_l\"><span  class=\"vc_sep_line\"><\/span><\/span><span class=\"vc_sep_holder vc_sep_holder_r\"><span  class=\"vc_sep_line\"><\/span><\/span>\n<\/div>\n\t<div class=\"wpb_text_column wpb_content_element\" >\n\t\t<div class=\"wpb_wrapper\">\n\t\t\t<p>I\u015f\u0131n Tu\u011frul, a 1985 graduate of Bo\u011fazi\u00e7i University's with a double major diploma on Economics and Political Science. She has 13 years of corporate banking experience in Yap\u0131 Kredi Bank where she held senior management positions, most recently as Executive Vice President responsible for Credits Management. I\u015f\u0131n Tu\u011frul took on key responsibilities in Bank\u2019s Great Transformation Journey, which transformed the bank and the entire Turkish banking sector and fundamentally affected the modernization and institutionalization of Turkish business world at the same time. She engaged directly in the projects such as; customer information systems, marketing, sales, CRM, profitability management, operational efficiency, organizational restructuring, human resources, credit risk management, etc. and during her entire banking life she spearheaded many product-system development efforts under her area of responsibility. She also covered a wide range of management topics with large groups as one of The Bank\u2019s internal trainers.<\/p>\n<p>Tu\u011frul left the finance sector and joined the founders of <strong>add<\/strong> Consulting in 2000. As a managing partner at <strong>add<\/strong> Consulting, she delivers consulting services based on her many years of experience she gained through successful projects in several sectors.<\/p>\n<p>I\u015f\u0131n Tu\u011frul speaks on topics relating to her fields of expertise at seminars and conferences conducted by various universities, public institutions and organizations, and the business sector, delivering trainings and as well volunteering in various non-governmental platforms.<\/p>\n<p>Tu\u011frul worked as a lecturer at Do\u011fu\u015f University between 2002 and 2020,, teaching various banking, marketing, and human resources courses in addition to her consulting career.<\/p>\n\n\t\t<\/div>\n\t<\/div>\n<div class=\"vc_empty_space\"   style=\"height: 64px\"><span class=\"vc_empty_space_inner\"><\/span><\/div><\/div><\/div><\/div><\/div><div class=\"vc_row-full-width vc_clearfix\"><\/div><div class=\"vc_row wpb_row vc_row-fluid vlt-overflow-none\"><div class=\"wpb_column vc_column_container vc_col-sm-12\"><div class=\"vc_column-inner\"><div class=\"wpb_wrapper\"><div class=\"vc_separator wpb_content_element vc_separator_align_center vc_sep_width_100 vc_sep_pos_align_center vc_separator_no_text vc_sep_color_grey\" ><span class=\"vc_sep_holder vc_sep_holder_l\"><span  class=\"vc_sep_line\"><\/span><\/span><span class=\"vc_sep_holder vc_sep_holder_r\"><span  class=\"vc_sep_line\"><\/span><\/span>\n<\/div><\/div><\/div><\/div><\/div>","protected":false},"excerpt":{"rendered":"I\u015f\u0131n Tu\u011frul I\u015f\u0131n Tu\u011frul Bo\u011fazi\u00e7i \u00dcniversitesi Ekonomi ve Siyaset Bilimi B\u00f6l\u00fcmleri 1985 y\u0131l\u0131 mezunu olan I\u015f\u0131n Tu\u011frul, Yap\u0131 Kredi Bankas\u0131\u2019ndaki 13 y\u0131ll\u0131k Kurumsal Bankac\u0131l\u0131k Y\u00f6netimi kariyerini Ticari Krediler Genel M\u00fcd\u00fcr Yard\u0131mc\u0131s\u0131 olarak tamamlad\u0131. I\u015f\u0131n Tu\u011frul bu d\u00f6nemde, Banka\u2019y\u0131 ve dolay\u0131s\u0131yla t\u00fcm T\u00fcrk bankac\u0131l\u0131k sekt\u00f6r\u00fcn\u00fc d\u00f6n\u00fc\u015ft\u00fcren, i\u015f d\u00fcnyas\u0131n\u0131n \u00e7a\u011fda\u015fla\u015fma ve kurumsalla\u015fma paradigmalar\u0131n\u0131 temelden etkileyen b\u00fcy\u00fck \u2018D\u00f6n\u00fc\u015f\u00fcm [...]","protected":false},"author":1,"featured_media":0,"parent":0,"menu_order":0,"comment_status":"closed","ping_status":"closed","template":"template-custom-page.php","meta":{"_vp_format_video_url":"","_vp_image_focal_point":[]},"acf":[],"_links":{"self":[{"href":"http:\/\/www.add.com.tr\/en\/wp-json\/wp\/v2\/pages\/3464"}],"collection":[{"href":"http:\/\/www.add.com.tr\/en\/wp-json\/wp\/v2\/pages"}],"about":[{"href":"http:\/\/www.add.com.tr\/en\/wp-json\/wp\/v2\/types\/page"}],"author":[{"embeddable":true,"href":"http:\/\/www.add.com.tr\/en\/wp-json\/wp\/v2\/users\/1"}],"replies":[{"embeddable":true,"href":"http:\/\/www.add.com.tr\/en\/wp-json\/wp\/v2\/comments?post=3464"}],"version-history":[{"count":9,"href":"http:\/\/www.add.com.tr\/en\/wp-json\/wp\/v2\/pages\/3464\/revisions"}],"predecessor-version":[{"id":3769,"href":"http:\/\/www.add.com.tr\/en\/wp-json\/wp\/v2\/pages\/3464\/revisions\/3769"}],"wp:attachment":[{"href":"http:\/\/www.add.com.tr\/en\/wp-json\/wp\/v2\/media?parent=3464"}],"curies":[{"name":"wp","href":"https:\/\/api.w.org\/{rel}","templated":true}]}}