{"id":331,"date":"2018-09-05T09:05:42","date_gmt":"2018-09-05T09:05:42","guid":{"rendered":"http:\/\/wp.vlthemes.com\/leedo\/?page_id=331"},"modified":"2018-09-05T09:05:42","modified_gmt":"2018-09-05T09:05:42","slug":"blog-07","status":"publish","type":"page","link":"http:\/\/www.add.com.tr\/en\/blog-07\/","title":{"rendered":"Blog 07"},"content":{"rendered":"<section class=\"vc_section\"><div class=\"vc_row wpb_row vc_row-fluid vlt-overflow-none\"><div class=\"wpb_column vc_column_container vc_col-sm-12\"><div class=\"vc_column-inner\"><div class=\"wpb_wrapper\"><div class=\"ult-spacer spacer-69f72d328b4e5\" data-id=\"69f72d328b4e5\" data-height=\"120\" data-height-mobile=\"120\" data-height-tab=\"120\" data-height-tab-portrait=\"\" data-height-mobile-landscape=\"\" style=\"clear:both;display:block;\"><\/div><\/div><\/div><\/div><div class=\"wpb_column vc_column_container vc_col-sm-12\"><div class=\"vc_column-inner\"><div class=\"wpb_wrapper\"><h1 class=\"vlthemes_custom_69f72d328b64f   vlt-large-heading text-center\" style=\"color:;\">Blog<span>.<\/span><\/h1><\/div><\/div><\/div><div class=\"wpb_column vc_column_container vc_col-sm-12\"><div class=\"vc_column-inner\"><div class=\"wpb_wrapper\"><div class=\"ult-spacer spacer-69f72d328b79a\" data-id=\"69f72d328b79a\" data-height=\"120\" data-height-mobile=\"120\" data-height-tab=\"120\" data-height-tab-portrait=\"\" data-height-mobile-landscape=\"\" style=\"clear:both;display:block;\"><\/div><\/div><\/div><\/div><\/div><div class=\"nk-awb  nk-awb-after-vc_row\" ><div class=\"nk-awb-wrap\" data-awb-type=\"image\" data-awb-stretch=\"true\" data-awb-image-background-size=\"cover\" data-awb-image-background-position=\"50% 20%\" data-awb-parallax=\"scroll\" data-awb-parallax-speed=\"0.8\" data-awb-parallax-mobile=\"false\"><div  class=\"nk-awb-inner\"><img width=\"1920\" height=\"960\" src=\"http:\/\/www.add.com.tr\/wp-content\/uploads\/2018\/10\/attachment-08.jpg\" class=\"jarallax-img\" alt=\"\" decoding=\"async\" loading=\"lazy\" style=\"object-position: 50% 20%;\" srcset=\"http:\/\/www.add.com.tr\/wp-content\/uploads\/2018\/10\/attachment-08.jpg 1920w, http:\/\/www.add.com.tr\/wp-content\/uploads\/2018\/10\/attachment-08-600x300.jpg 600w\" sizes=\"(max-width: 1920px) 100vw, 1920px\" \/><\/div><\/div><\/div><\/section><section class=\"vc_section\"><div class=\"vc_row wpb_row vc_row-fluid vlt-overflow-none\"><div class=\"wpb_column vc_column_container vc_col-sm-12\"><div class=\"vc_column-inner\"><div class=\"wpb_wrapper\"><div class=\"ult-spacer spacer-69f72d328c596\" data-id=\"69f72d328c596\" data-height=\"120\" data-height-mobile=\"120\" data-height-tab=\"120\" data-height-tab-portrait=\"\" data-height-mobile-landscape=\"\" style=\"clear:both;display:block;\"><\/div><\/div><\/div><\/div><div class=\"wpb_column vc_column_container vc_col-sm-4\"><div class=\"vc_column-inner\"><div class=\"wpb_wrapper\"><div  class=\"wpb_widgetised_column wpb_content_element vlt-sidebar vlt-sidebar--left m-0\">\n\t\t<div class=\"wpb_wrapper\">\n\t\t\t\n\t\t\t<div id=\"archives-2\" class=\"vlt-widget widget_archive\"><h5 class=\"vlt-widget__title\">Archives<\/h5>\n\t\t\t<ul>\n\t\t\t\t\t<li><a href='http:\/\/www.add.com.tr\/en\/2022\/06\/'>June 2022<\/a><\/li>\n\t<li><a href='http:\/\/www.add.com.tr\/en\/2022\/05\/'>May 2022<\/a><\/li>\n\t<li><a href='http:\/\/www.add.com.tr\/en\/2022\/04\/'>April 2022<\/a><\/li>\n\t\t\t<\/ul>\n\n\t\t\t<\/div><div id=\"categories-2\" class=\"vlt-widget widget_categories\"><h5 class=\"vlt-widget__title\">Categories<\/h5>\n\t\t\t<ul>\n\t\t\t\t\t<li class=\"cat-item cat-item-1\"><a href=\"http:\/\/www.add.com.tr\/en\/category\/uncategorized\/\">Uncategorized<\/a>\n<\/li>\n\t\t\t<\/ul>\n\n\t\t\t<\/div><div id=\"meta-2\" class=\"vlt-widget widget_meta\"><h5 class=\"vlt-widget__title\">Meta<\/h5>\n\t\t<ul>\n\t\t\t\t\t\t<li><a href=\"http:\/\/www.add.com.tr\/wp-login.php\">Log in<\/a><\/li>\n\t\t\t<li><a href=\"http:\/\/www.add.com.tr\/en\/feed\/\">Entries feed<\/a><\/li>\n\t\t\t<li><a href=\"http:\/\/www.add.com.tr\/en\/comments\/feed\/\">Comments feed<\/a><\/li>\n\n\t\t\t<li><a href=\"https:\/\/wordpress.org\/\">WordPress.org<\/a><\/li>\n\t\t<\/ul>\n\n\t\t<\/div><div id=\"search-3\" class=\"vlt-widget widget_search\">\r\n<form class=\"vlt-search-form\" method=\"get\" action=\"http:\/\/www.add.com.tr\/en\/\" data-trp-original-action=\"http:\/\/www.add.com.tr\/en\/\">\r\n\r\n\t<input type=\"text\" id=\"s\" name=\"s\" placeholder=\"Search&hellip;\" value=\"\">\r\n\r\n\t<button><i class=\"leedo-search\"><\/i><\/button>\r\n\r\n<input type=\"hidden\" name=\"trp-form-language\" value=\"en\"\/><\/form>\r\n<!-- \/.vlt-search-form --><\/div><div id=\"categories-3\" class=\"vlt-widget widget_categories\"><h5 class=\"vlt-widget__title\">Categories<\/h5>\n\t\t\t<ul>\n\t\t\t\t\t<li class=\"cat-item cat-item-1\"><a href=\"http:\/\/www.add.com.tr\/en\/category\/uncategorized\/\">Uncategorized<\/a> (3)\n<\/li>\n\t\t\t<\/ul>\n\n\t\t\t<\/div><div id=\"text-2\" class=\"vlt-widget widget_text\"><h5 class=\"vlt-widget__title\">About<\/h5>\t\t\t<div class=\"textwidget\"><p>Shall replenish. Tree doesn&#8217;t face. There which creepeth multiply fish unto of Seed. Behold made two Rule divided. Fruit form.<\/p>\n<\/div>\n\t\t<\/div><div id=\"vlthemes_widget_instagram-1\" class=\"vlt-widget vlt-widget-instagram\"><h5 class=\"vlt-widget__title\">Instagram<\/h5><\/div><div id=\"vlthemes_widget_recent_posts-1\" class=\"vlt-widget vlt-widget-postlist\"><h5 class=\"vlt-widget__title\">Related posts<\/h5>\n\n\t\t<ul>\n\t\t\t\t\t\t\t<li>\n\t\t\t\t\t<article class=\"vlt-widget-post post-4055 post type-post status-publish format-standard has-post-thumbnail hentry category-uncategorized\">\n\t\t\t\t\t\t<div class=\"vlt-widget-post__thumbnail\">\n\t\t\t\t\t\t\t<a href=\"http:\/\/www.add.com.tr\/en\/donusum-ve-dijitallesen-dunyaya-dair\/\">\n\t\t\t\t\t\t\t\t<img width=\"150\" height=\"150\" src=\"http:\/\/www.add.com.tr\/wp-content\/uploads\/2022\/06\/1920-150x150.jpg\" class=\"\" alt=\"\" decoding=\"async\" loading=\"lazy\" srcset=\"\" \/>\t\t\t\t\t\t\t<\/a>\n\t\t\t\t\t\t<\/div>\n\t\t\t\t\t\t<div class=\"vlt-widget-post__content\">\n\t\t\t\t\t\t\t<h5><a href=\"http:\/\/www.add.com.tr\/en\/donusum-ve-dijitallesen-dunyaya-dair\/\">D\u00f6n\u00fc\u015f\u00fcm Ve Dijitalle\u015fen D\u00fcnyaya Dair\u2026<\/a><\/h5>\n\t\t\t\t\t\t<\/div>\n\t\t\t\t\t<\/article>\n\t\t\t\t<\/li>\n\t\t\t\t\t\t\t<li>\n\t\t\t\t\t<article class=\"vlt-widget-post post-3795 post type-post status-publish format-standard has-post-thumbnail hentry category-uncategorized\">\n\t\t\t\t\t\t<div class=\"vlt-widget-post__thumbnail\">\n\t\t\t\t\t\t\t<a href=\"http:\/\/www.add.com.tr\/en\/yeni-yeniliklere-yolculuk-2\/\">\n\t\t\t\t\t\t\t\t<img width=\"150\" height=\"150\" src=\"http:\/\/www.add.com.tr\/wp-content\/uploads\/2022\/05\/blog2-150x150.jpg\" class=\"\" alt=\"\" decoding=\"async\" loading=\"lazy\" srcset=\"\" \/>\t\t\t\t\t\t\t<\/a>\n\t\t\t\t\t\t<\/div>\n\t\t\t\t\t\t<div class=\"vlt-widget-post__content\">\n\t\t\t\t\t\t\t<h5><a href=\"http:\/\/www.add.com.tr\/en\/yeni-yeniliklere-yolculuk-2\/\">Yeni Yeniliklere Yolculuk \u2013 2<\/a><\/h5>\n\t\t\t\t\t\t<\/div>\n\t\t\t\t\t<\/article>\n\t\t\t\t<\/li>\n\t\t\t\t\t\t\t<li>\n\t\t\t\t\t<article class=\"vlt-widget-post post-3732 post type-post status-publish format-standard has-post-thumbnail hentry category-uncategorized\">\n\t\t\t\t\t\t<div class=\"vlt-widget-post__thumbnail\">\n\t\t\t\t\t\t\t<a href=\"http:\/\/www.add.com.tr\/en\/yeni-yeniliklere-yolculuk-1\/\">\n\t\t\t\t\t\t\t\t<img width=\"150\" height=\"150\" src=\"http:\/\/www.add.com.tr\/wp-content\/uploads\/2022\/04\/blog1-150x150.jpg\" class=\"\" alt=\"\" decoding=\"async\" loading=\"lazy\" srcset=\"\" \/>\t\t\t\t\t\t\t<\/a>\n\t\t\t\t\t\t<\/div>\n\t\t\t\t\t\t<div class=\"vlt-widget-post__content\">\n\t\t\t\t\t\t\t<h5><a href=\"http:\/\/www.add.com.tr\/en\/yeni-yeniliklere-yolculuk-1\/\">Yeni Yeniliklere Yolculuk \u2013 1<\/a><\/h5>\n\t\t\t\t\t\t<\/div>\n\t\t\t\t\t<\/article>\n\t\t\t\t<\/li>\n\t\t\t\t\t<\/ul>\n\n\n\t\t<\/div><div id=\"vlthemes_widget_socials-1\" class=\"vlt-widget vlt-widget-socials\"><h5 class=\"vlt-widget__title\">Follow us<\/h5><\/div>\n\t\t<\/div>\n\t<\/div>\n<\/div><\/div><\/div><div class=\"wpb_column vc_column_container vc_col-sm-8\"><div class=\"vc_column-inner\"><div class=\"wpb_wrapper\">\n<div class=\"vp-portfolio vp-uid-b95ecf18 vp-id-451\"\n\tdata-vp-layout=\"tiles\" data-vp-content-source=\"post-based\" data-vp-items-style=\"leedo_post_default\" data-vp-items-click-action=\"url\" data-vp-items-gap=\"80\" data-vp-items-gap-vertical=\"\" data-vp-pagination=\"load-more\" data-vp-next-page-url=\"\" data-vp-tiles-type=\"1|1,0.6|\" >\n\t<div class=\"vp-portfolio__preloader-wrap\">\n\t\t<div class=\"vp-portfolio__preloader\">\n\t\t\t<img loading=\"eager\" src=\"http:\/\/www.add.com.tr\/wp-content\/plugins\/visual-portfolio\/assets\/images\/logo-dark.svg\" alt=\"Visual Portfolio, Posts &amp; Image Gallery for WordPress\" width=\"20\" height=\"20\" data-skip-lazy>\n\t\t<\/div>\n\t<\/div>\n\t\t<div class=\"vp-portfolio__items-wrap\">\n\t\t\t\n<div class=\"vp-portfolio__items vp-portfolio__items-style-leedo_post_default\">\n\n\t\t<article\t\tclass=\"vp-portfolio__item-wrap post-4055 post type-post status-publish format-standard has-post-thumbnail hentry category-uncategorized vp-portfolio__item-uid-c4a3874b\" data-vp-filter=\"uncategorized\" \t\t>\n\t\t\t\t\t\t\t\t\t<figure class=\"vp-portfolio__item\">\n\t\t\t\t\n<article class=\"vlt-post vlt-post--style-default post-4055 post type-post status-publish format-standard has-post-thumbnail hentry category-uncategorized\">\n\n\t\t\t<div class=\"vp-portfolio__item-img-wrap\">\n\t\t\t<div class=\"vp-portfolio__item-img\">\n\n\t\t\t\t\t<a\n\t\thref=\"http:\/\/www.add.com.tr\/en\/donusum-ve-dijitallesen-dunyaya-dair\/\"\n\t\t\t>\n\t\n\t\t\t\t<noscript><img width=\"1920\" height=\"611\" src=\"http:\/\/www.add.com.tr\/wp-content\/uploads\/2022\/06\/1920.jpg\" class=\"wp-image-4057\" alt=\"\" loading=\"lazy\" srcset=\"http:\/\/www.add.com.tr\/wp-content\/uploads\/2022\/06\/1920.jpg 1920w, http:\/\/www.add.com.tr\/wp-content\/uploads\/2022\/06\/1920-300x95.jpg 300w, http:\/\/www.add.com.tr\/wp-content\/uploads\/2022\/06\/1920-1024x326.jpg 1024w, http:\/\/www.add.com.tr\/wp-content\/uploads\/2022\/06\/1920-768x244.jpg 768w, http:\/\/www.add.com.tr\/wp-content\/uploads\/2022\/06\/1920-1536x489.jpg 1536w, http:\/\/www.add.com.tr\/wp-content\/uploads\/2022\/06\/1920-18x6.jpg 18w, http:\/\/www.add.com.tr\/wp-content\/uploads\/2022\/06\/1920-500x159.jpg 500w, http:\/\/www.add.com.tr\/wp-content\/uploads\/2022\/06\/1920-800x255.jpg 800w, http:\/\/www.add.com.tr\/wp-content\/uploads\/2022\/06\/1920-1280x407.jpg 1280w\" sizes=\"(max-width: 1920px) 100vw, 1920px\" \/><\/noscript><img width=\"1920\" height=\"611\" src=\"http:\/\/www.add.com.tr\/wp-content\/uploads\/2022\/06\/1920.jpg\" class=\"wp-image-4057 vp-lazyload\" alt loading=\"eager\" srcset=\"data:image\/svg+xml;base64,PHN2ZyB3aWR0aD0iMTkyMCIgaGVpZ2h0PSI2MTEiIHZpZXdCb3g9IjAgMCAxOTIwIDYxMSIgZmlsbD0ibm9uZSIgeG1sbnM9Imh0dHA6Ly93d3cudzMub3JnLzIwMDAvc3ZnIj48L3N2Zz4=\" data-src=\"http:\/\/www.add.com.tr\/wp-content\/uploads\/2022\/06\/1920.jpg\" data-srcset=\"http:\/\/www.add.com.tr\/wp-content\/uploads\/2022\/06\/1920.jpg 1920w, http:\/\/www.add.com.tr\/wp-content\/uploads\/2022\/06\/1920-300x95.jpg 300w, http:\/\/www.add.com.tr\/wp-content\/uploads\/2022\/06\/1920-1024x326.jpg 1024w, http:\/\/www.add.com.tr\/wp-content\/uploads\/2022\/06\/1920-768x244.jpg 768w, http:\/\/www.add.com.tr\/wp-content\/uploads\/2022\/06\/1920-1536x489.jpg 1536w, http:\/\/www.add.com.tr\/wp-content\/uploads\/2022\/06\/1920-18x6.jpg 18w, http:\/\/www.add.com.tr\/wp-content\/uploads\/2022\/06\/1920-500x159.jpg 500w, http:\/\/www.add.com.tr\/wp-content\/uploads\/2022\/06\/1920-800x255.jpg 800w, http:\/\/www.add.com.tr\/wp-content\/uploads\/2022\/06\/1920-1280x407.jpg 1280w\" data-sizes=\"auto\">\n\t\t\t\t<\/a>\n\t\t\t<\/div>\n\t\t<\/div>\n\t\t<!-- \/.vp-portfolio__item-img-wrap -->\n\t\n\t<div class=\"vlt-post-content\">\n\n\t\t<header class=\"vlt-post-header\">\n\t\t\t\r\n<h3 class=\"vlt-post-title\"><a href=\"http:\/\/www.add.com.tr\/en\/donusum-ve-dijitallesen-dunyaya-dair\/\">D\u00f6n\u00fc\u015f\u00fcm Ve Dijitalle\u015fen D\u00fcnyaya Dair\u2026<\/a><\/h3>\r\n<!-- \/.vlt-post-title -->\t\t\t\r\n<div class=\"vlt-post-meta vlt-display-1\">\r\n\r\n\t<span><time datetime=\"2022-06-21T18:05:55+03:00\">21 June 2022<\/time><\/span>\r\n\r\n\t\t\t<span><a href=\"http:\/\/www.add.com.tr\/en\/category\/uncategorized\/\">Uncategorized<\/a><\/span>\r\n\t\r\n<\/div>\r\n<!-- \/.vlt-post-meta -->\t\t<\/header>\n\t\t<!-- \/.vlt-post-header -->\n\n\t\t<div class=\"vlt-post-excerpt\">\n\t\t\t\nK\u00fcresel d\u00f6n\u00fc\u015f\u00fcm\u00fcn i\u00e7indeyiz. Bu d\u00f6n\u00fc\u015f\u00fcm s\u00fcreklilik arz ediyor; Dura\u011fan ve stabil olan bir d\u00f6n\u00fc\u015f\u00fcm dinami\u011fi de\u011fil. D\u00f6n\u00fc\u015f\u00fcm\u00fc karakterize eden \u00f6zellikler aras\u0131nda dijital-fiziksel ve biyolojik teknolojilerin b\u00fct\u00fcnle\u015fmesi bulunuyor. D\u00f6n\u00fc\u015f\u00fcm, \u00e7evremizdeki d\u00fcnyan\u0131n de\u011fi\u015fimine ve insan\u0131n ne oldu\u011funun anlam\u0131n\u0131n daha fazlas\u0131yla ke\u015ffine gitmesine yol a\u00e7\u0131yor. De\u011fi\u015fiklikler, \u00f6l\u00e7e\u011fi, h\u0131z\u0131 ve kapsad\u0131\u011f\u0131 alan itibariyle tarihi ... \t\t<\/div>\n\t\t<!-- \/.vlt-post-excerpt -->\n\n\t\t\t\t\t<footer class=\"vlt-post-footer\">\n\t\t\t\t\r\n<a href=\"http:\/\/www.add.com.tr\/en\/donusum-ve-dijitallesen-dunyaya-dair\/\" class=\"vlt-btn vlt-btn--third vlt-btn--effect\"><span>Read More<\/span><\/a>\r\n<!-- \/.vlt-btn -->\t\t\t<\/footer>\n\t\t\t<!-- \/.vlt-post-footer -->\n\t\t\n\t<\/div>\n\t<!-- \/.vlt-post-content -->\n\n<\/article>\n<!-- \/.vlt-post -->\t\t\t<\/figure>\n\t\t\t\t\t<\/article>\n\t\t\n\t\t<article\t\tclass=\"vp-portfolio__item-wrap post-3795 post type-post status-publish format-standard has-post-thumbnail hentry category-uncategorized vp-portfolio__item-uid-f08ee67b\" data-vp-filter=\"uncategorized\" style=\"--vp-images__object-position: 46% 43%;\" \t\t>\n\t\t\t\t\t\t\t\t\t<figure class=\"vp-portfolio__item\">\n\t\t\t\t\n<article class=\"vlt-post vlt-post--style-default post-3795 post type-post status-publish format-standard has-post-thumbnail hentry category-uncategorized\">\n\n\t\t\t<div class=\"vp-portfolio__item-img-wrap\">\n\t\t\t<div class=\"vp-portfolio__item-img\">\n\n\t\t\t\t\t<a\n\t\thref=\"http:\/\/www.add.com.tr\/en\/yeni-yeniliklere-yolculuk-2\/\"\n\t\t\t>\n\t\n\t\t\t\t<noscript><img width=\"1920\" height=\"611\" src=\"http:\/\/www.add.com.tr\/wp-content\/uploads\/2022\/05\/blog2.jpg\" class=\"wp-image-3796\" alt=\"\" loading=\"lazy\" srcset=\"http:\/\/www.add.com.tr\/wp-content\/uploads\/2022\/05\/blog2.jpg 1920w, http:\/\/www.add.com.tr\/wp-content\/uploads\/2022\/05\/blog2-300x95.jpg 300w, http:\/\/www.add.com.tr\/wp-content\/uploads\/2022\/05\/blog2-1024x326.jpg 1024w, http:\/\/www.add.com.tr\/wp-content\/uploads\/2022\/05\/blog2-768x244.jpg 768w, http:\/\/www.add.com.tr\/wp-content\/uploads\/2022\/05\/blog2-1536x489.jpg 1536w, http:\/\/www.add.com.tr\/wp-content\/uploads\/2022\/05\/blog2-500x159.jpg 500w, http:\/\/www.add.com.tr\/wp-content\/uploads\/2022\/05\/blog2-800x255.jpg 800w, http:\/\/www.add.com.tr\/wp-content\/uploads\/2022\/05\/blog2-1280x407.jpg 1280w\" sizes=\"(max-width: 1920px) 100vw, 1920px\" \/><\/noscript><img width=\"1920\" height=\"611\" src=\"http:\/\/www.add.com.tr\/wp-content\/uploads\/2022\/05\/blog2.jpg\" class=\"wp-image-3796 vp-lazyload\" alt loading=\"eager\" srcset=\"data:image\/svg+xml;base64,PHN2ZyB3aWR0aD0iMTkyMCIgaGVpZ2h0PSI2MTEiIHZpZXdCb3g9IjAgMCAxOTIwIDYxMSIgZmlsbD0ibm9uZSIgeG1sbnM9Imh0dHA6Ly93d3cudzMub3JnLzIwMDAvc3ZnIj48L3N2Zz4=\" data-src=\"http:\/\/www.add.com.tr\/wp-content\/uploads\/2022\/05\/blog2.jpg\" data-srcset=\"http:\/\/www.add.com.tr\/wp-content\/uploads\/2022\/05\/blog2.jpg 1920w, http:\/\/www.add.com.tr\/wp-content\/uploads\/2022\/05\/blog2-300x95.jpg 300w, http:\/\/www.add.com.tr\/wp-content\/uploads\/2022\/05\/blog2-1024x326.jpg 1024w, http:\/\/www.add.com.tr\/wp-content\/uploads\/2022\/05\/blog2-768x244.jpg 768w, http:\/\/www.add.com.tr\/wp-content\/uploads\/2022\/05\/blog2-1536x489.jpg 1536w, http:\/\/www.add.com.tr\/wp-content\/uploads\/2022\/05\/blog2-500x159.jpg 500w, http:\/\/www.add.com.tr\/wp-content\/uploads\/2022\/05\/blog2-800x255.jpg 800w, http:\/\/www.add.com.tr\/wp-content\/uploads\/2022\/05\/blog2-1280x407.jpg 1280w\" data-sizes=\"auto\">\n\t\t\t\t<\/a>\n\t\t\t<\/div>\n\t\t<\/div>\n\t\t<!-- \/.vp-portfolio__item-img-wrap -->\n\t\n\t<div class=\"vlt-post-content\">\n\n\t\t<header class=\"vlt-post-header\">\n\t\t\t\r\n<h3 class=\"vlt-post-title\"><a href=\"http:\/\/www.add.com.tr\/en\/yeni-yeniliklere-yolculuk-2\/\">Yeni Yeniliklere Yolculuk \u2013 2<\/a><\/h3>\r\n<!-- \/.vlt-post-title -->\t\t\t\r\n<div class=\"vlt-post-meta vlt-display-1\">\r\n\r\n\t<span><time datetime=\"2022-05-10T15:46:57+03:00\">10 May 2022<\/time><\/span>\r\n\r\n\t\t\t<span><a href=\"http:\/\/www.add.com.tr\/en\/category\/uncategorized\/\">Uncategorized<\/a><\/span>\r\n\t\r\n<\/div>\r\n<!-- \/.vlt-post-meta -->\t\t<\/header>\n\t\t<!-- \/.vlt-post-header -->\n\n\t\t<div class=\"vlt-post-excerpt\">\n\t\t\t\nBir \u00f6nceki yaz\u0131m\u0131zda, \u2018Yeni Yeniliklere Yolculuk\u2019 s\u00f6yleminin bizim i\u00e7in ne kadar de\u011ferli oldu\u011fundan bahsedece\u011fimizi s\u00f6ylemi\u015ftik.\n\n\n\nBu s\u00f6ylem belki de slogan demek daha do\u011fru olur, biz, 90\u2019l\u0131 y\u0131llarda Yap\u0131 Kredi\u2019de \u00e7al\u0131\u015fanlar i\u00e7in tarifsiz bir heyecan\u0131n, umudun ve ba\u015farma azminin adeta simgesi oldu. O d\u00f6nem \u00e7al\u0131\u015fma hayat\u0131nda bulunan nesillerin \u00e7ok iyi hat\u0131rlayaca\u011f\u0131 gibi, ... \t\t<\/div>\n\t\t<!-- \/.vlt-post-excerpt -->\n\n\t\t\t\t\t<footer class=\"vlt-post-footer\">\n\t\t\t\t\r\n<a href=\"http:\/\/www.add.com.tr\/en\/yeni-yeniliklere-yolculuk-2\/\" class=\"vlt-btn vlt-btn--third vlt-btn--effect\"><span>Read More<\/span><\/a>\r\n<!-- \/.vlt-btn -->\t\t\t<\/footer>\n\t\t\t<!-- \/.vlt-post-footer -->\n\t\t\n\t<\/div>\n\t<!-- \/.vlt-post-content -->\n\n<\/article>\n<!-- \/.vlt-post -->\t\t\t<\/figure>\n\t\t\t\t\t<\/article>\n\t\t\n\t\t<article\t\tclass=\"vp-portfolio__item-wrap post-3732 post type-post status-publish format-standard has-post-thumbnail hentry category-uncategorized vp-portfolio__item-uid-94059b52\" data-vp-filter=\"uncategorized\" style=\"--vp-images__object-position: 53% 50%;\" \t\t>\n\t\t\t\t\t\t\t\t\t<figure class=\"vp-portfolio__item\">\n\t\t\t\t\n<article class=\"vlt-post vlt-post--style-default post-3732 post type-post status-publish format-standard has-post-thumbnail hentry category-uncategorized\">\n\n\t\t\t<div class=\"vp-portfolio__item-img-wrap\">\n\t\t\t<div class=\"vp-portfolio__item-img\">\n\n\t\t\t\t\t<a\n\t\thref=\"http:\/\/www.add.com.tr\/en\/yeni-yeniliklere-yolculuk-1\/\"\n\t\t\t>\n\t\n\t\t\t\t<noscript><img width=\"1920\" height=\"611\" src=\"http:\/\/www.add.com.tr\/wp-content\/uploads\/2022\/04\/blog1.jpg\" class=\"wp-image-3742\" alt=\"\" loading=\"lazy\" srcset=\"http:\/\/www.add.com.tr\/wp-content\/uploads\/2022\/04\/blog1.jpg 1920w, http:\/\/www.add.com.tr\/wp-content\/uploads\/2022\/04\/blog1-300x95.jpg 300w, http:\/\/www.add.com.tr\/wp-content\/uploads\/2022\/04\/blog1-1024x326.jpg 1024w, http:\/\/www.add.com.tr\/wp-content\/uploads\/2022\/04\/blog1-768x244.jpg 768w, http:\/\/www.add.com.tr\/wp-content\/uploads\/2022\/04\/blog1-1536x489.jpg 1536w, http:\/\/www.add.com.tr\/wp-content\/uploads\/2022\/04\/blog1-500x159.jpg 500w, http:\/\/www.add.com.tr\/wp-content\/uploads\/2022\/04\/blog1-800x255.jpg 800w, http:\/\/www.add.com.tr\/wp-content\/uploads\/2022\/04\/blog1-1280x407.jpg 1280w\" sizes=\"(max-width: 1920px) 100vw, 1920px\" \/><\/noscript><img width=\"1920\" height=\"611\" src=\"http:\/\/www.add.com.tr\/wp-content\/uploads\/2022\/04\/blog1.jpg\" class=\"wp-image-3742 vp-lazyload\" alt loading=\"eager\" srcset=\"data:image\/svg+xml;base64,PHN2ZyB3aWR0aD0iMTkyMCIgaGVpZ2h0PSI2MTEiIHZpZXdCb3g9IjAgMCAxOTIwIDYxMSIgZmlsbD0ibm9uZSIgeG1sbnM9Imh0dHA6Ly93d3cudzMub3JnLzIwMDAvc3ZnIj48L3N2Zz4=\" data-src=\"http:\/\/www.add.com.tr\/wp-content\/uploads\/2022\/04\/blog1.jpg\" data-srcset=\"http:\/\/www.add.com.tr\/wp-content\/uploads\/2022\/04\/blog1.jpg 1920w, http:\/\/www.add.com.tr\/wp-content\/uploads\/2022\/04\/blog1-300x95.jpg 300w, http:\/\/www.add.com.tr\/wp-content\/uploads\/2022\/04\/blog1-1024x326.jpg 1024w, http:\/\/www.add.com.tr\/wp-content\/uploads\/2022\/04\/blog1-768x244.jpg 768w, http:\/\/www.add.com.tr\/wp-content\/uploads\/2022\/04\/blog1-1536x489.jpg 1536w, http:\/\/www.add.com.tr\/wp-content\/uploads\/2022\/04\/blog1-500x159.jpg 500w, http:\/\/www.add.com.tr\/wp-content\/uploads\/2022\/04\/blog1-800x255.jpg 800w, http:\/\/www.add.com.tr\/wp-content\/uploads\/2022\/04\/blog1-1280x407.jpg 1280w\" data-sizes=\"auto\">\n\t\t\t\t<\/a>\n\t\t\t<\/div>\n\t\t<\/div>\n\t\t<!-- \/.vp-portfolio__item-img-wrap -->\n\t\n\t<div class=\"vlt-post-content\">\n\n\t\t<header class=\"vlt-post-header\">\n\t\t\t\r\n<h3 class=\"vlt-post-title\"><a href=\"http:\/\/www.add.com.tr\/en\/yeni-yeniliklere-yolculuk-1\/\">Yeni Yeniliklere Yolculuk \u2013 1<\/a><\/h3>\r\n<!-- \/.vlt-post-title -->\t\t\t\r\n<div class=\"vlt-post-meta vlt-display-1\">\r\n\r\n\t<span><time datetime=\"2022-04-14T20:38:37+03:00\">14 April 2022<\/time><\/span>\r\n\r\n\t\t\t<span><a href=\"http:\/\/www.add.com.tr\/en\/category\/uncategorized\/\">Uncategorized<\/a><\/span>\r\n\t\r\n<\/div>\r\n<!-- \/.vlt-post-meta -->\t\t<\/header>\n\t\t<!-- \/.vlt-post-header -->\n\n\t\t<div class=\"vlt-post-excerpt\">\n\t\t\t\nWeb sitemizi yenilemenin heyecan\u0131yla, bizim i\u00e7in yeni ve g\u00fczel bir u\u011fra\u015f olsun, alternatif ve m\u00fcmk\u00fcnse interaktif bir ileti\u015fim kanal\u0131 a\u00e7arak birlikte daha \u00e7ok \u015fey payla\u015fal\u0131m diye d\u00fc\u015f\u00fcnerek ayn\u0131 zamanda blo\u011fumuzu da a\u00e7maya karar verdik.\n\n\n\n\u00c7oook uzun y\u0131llar \u00f6nce ve \u00e7ok amat\u00f6r bir \u015fekilde alelacele hayata ge\u00e7irdi\u011fimiz web sitemiz adeta \u2018terzi kendi ... \t\t<\/div>\n\t\t<!-- \/.vlt-post-excerpt -->\n\n\t\t\t\t\t<footer class=\"vlt-post-footer\">\n\t\t\t\t\r\n<a href=\"http:\/\/www.add.com.tr\/en\/yeni-yeniliklere-yolculuk-1\/\" class=\"vlt-btn vlt-btn--third vlt-btn--effect\"><span>Read More<\/span><\/a>\r\n<!-- \/.vlt-btn -->\t\t\t<\/footer>\n\t\t\t<!-- \/.vlt-post-footer -->\n\t\t\n\t<\/div>\n\t<!-- \/.vlt-post-content -->\n\n<\/article>\n<!-- \/.vlt-post -->\t\t\t<\/figure>\n\t\t\t\t\t<\/article>\n\t\t\n<\/div>\n\t\t<\/div>\n\t\t\t\t<div class=\"vp-portfolio__layout-elements vp-portfolio__layout-elements-bottom vp-portfolio__layout-elements-align-center\">\n\t\t\t\t<div class=\"vp-portfolio__pagination-wrap\">\n\t\t\n<div class=\"vp-pagination vp-pagination__no-more vp-pagination__style-leedo\" data-vp-pagination-type=\"load-more\">\n\t<div class=\"vp-pagination__item\">\n\t\t<a class=\"vp-pagination__load-more vlt-btn vlt-btn--primary vlt-btn--lg vlt-btn--effect\" href=\"\">\n\t\t\t<span>Load More<\/span>\n\t\t\t<span class=\"vp-pagination__load-more-loading\"><i class=\"fas fa-spinner fa-spin\"><\/i>Loading...<\/span>\n\t\t\t<span class=\"vp-pagination__load-more-no-more\">No More Posts<\/span>\n\t\t<\/a>\n\t<\/div>\n<\/div>\t\t<\/div>\n\t\t\t\t<\/div>\n\t\t\n<\/div>\n<\/div><\/div><\/div><div class=\"wpb_column vc_column_container vc_col-sm-12\"><div class=\"vc_column-inner\"><div class=\"wpb_wrapper\"><div class=\"ult-spacer spacer-69f72d3296880\" data-id=\"69f72d3296880\" data-height=\"120\" data-height-mobile=\"120\" data-height-tab=\"120\" data-height-tab-portrait=\"\" data-height-mobile-landscape=\"\" style=\"clear:both;display:block;\"><\/div><\/div><\/div><\/div><\/div><\/section>","protected":false},"excerpt":{"rendered":"Web sitemizi yenilemenin heyecan\u0131yla, bizim i\u00e7in yeni ve g\u00fczel bir u\u011fra\u015f olsun, alternatif ve m\u00fcmk\u00fcnse interaktif bir ileti\u015fim kanal\u0131 a\u00e7arak birlikte daha \u00e7ok \u015fey payla\u015fal\u0131m diye d\u00fc\u015f\u00fcnerek ayn\u0131 zamanda blo\u011fumuzu da a\u00e7maya karar verdik. \u00c7oook uzun y\u0131llar \u00f6nce ve \u00e7ok amat\u00f6r bir \u015fekilde alelacele hayata ge\u00e7irdi\u011fimiz web sitemiz adeta \u2018terzi kendi s\u00f6k\u00fc\u011f\u00fcn\u00fc dikemez\u2019 atas\u00f6z\u00fcn\u00fcn kar\u015f\u0131l\u0131\u011f\u0131n\u0131 [...]","protected":false},"author":1,"featured_media":2814,"parent":0,"menu_order":45,"comment_status":"closed","ping_status":"closed","template":"template-custom-page.php","meta":{"_vp_format_video_url":"","_vp_image_focal_point":[]},"acf":[],"_links":{"self":[{"href":"http:\/\/www.add.com.tr\/en\/wp-json\/wp\/v2\/pages\/331"}],"collection":[{"href":"http:\/\/www.add.com.tr\/en\/wp-json\/wp\/v2\/pages"}],"about":[{"href":"http:\/\/www.add.com.tr\/en\/wp-json\/wp\/v2\/types\/page"}],"author":[{"embeddable":true,"href":"http:\/\/www.add.com.tr\/en\/wp-json\/wp\/v2\/users\/1"}],"replies":[{"embeddable":true,"href":"http:\/\/www.add.com.tr\/en\/wp-json\/wp\/v2\/comments?post=331"}],"version-history":[{"count":0,"href":"http:\/\/www.add.com.tr\/en\/wp-json\/wp\/v2\/pages\/331\/revisions"}],"wp:featuredmedia":[{"embeddable":true,"href":"http:\/\/www.add.com.tr\/en\/wp-json\/wp\/v2\/media\/2814"}],"wp:attachment":[{"href":"http:\/\/www.add.com.tr\/en\/wp-json\/wp\/v2\/media?parent=331"}],"curies":[{"name":"wp","href":"https:\/\/api.w.org\/{rel}","templated":true}]}}