{"id":321,"date":"2018-09-05T08:59:15","date_gmt":"2018-09-05T08:59:15","guid":{"rendered":"http:\/\/wp.vlthemes.com\/leedo\/?page_id=321"},"modified":"2018-09-05T08:59:15","modified_gmt":"2018-09-05T08:59:15","slug":"blog-02","status":"publish","type":"page","link":"http:\/\/www.add.com.tr\/en\/blog-02\/","title":{"rendered":"Blog 02"},"content":{"rendered":"<section class=\"vc_section\"><div data-vc-full-width=\"true\" data-vc-full-width-init=\"false\" data-vc-stretch-content=\"true\" class=\"vc_row wpb_row vc_row-fluid vlt-custom--1250 vlt-overflow-none\"><div class=\"wpb_column vc_column_container vc_col-sm-12\"><div class=\"vc_column-inner\"><div class=\"wpb_wrapper\"><div class=\"ult-spacer spacer-69f72d7a2f29b\" data-id=\"69f72d7a2f29b\" data-height=\"160\" data-height-mobile=\"160\" data-height-tab=\"160\" data-height-tab-portrait=\"\" data-height-mobile-landscape=\"\" style=\"clear:both;display:block;\"><\/div><\/div><\/div><\/div><div class=\"wpb_column vc_column_container vc_col-sm-12\"><div class=\"vc_column-inner\"><div class=\"wpb_wrapper\">\n<div class=\"vp-portfolio vp-uid-e869ac87 vp-id-435\"\n\tdata-vp-layout=\"tiles\" data-vp-content-source=\"post-based\" data-vp-items-style=\"leedo_post_masonry\" data-vp-items-click-action=\"url\" data-vp-items-gap=\"30\" data-vp-items-gap-vertical=\"\" data-vp-pagination=\"load-more\" data-vp-next-page-url=\"\" data-vp-tiles-type=\"4|1,0.75|1,0.85|1,0.66|1,1|1,0.85|1,0.66|1,1|1,0.75|\" >\n\t<div class=\"vp-portfolio__preloader-wrap\">\n\t\t<div class=\"vp-portfolio__preloader\">\n\t\t\t<img loading=\"eager\" src=\"http:\/\/www.add.com.tr\/wp-content\/plugins\/visual-portfolio\/assets\/images\/logo-dark.svg\" alt=\"Visual Portfolio, Posts &amp; Image Gallery for WordPress\" width=\"20\" height=\"20\" data-skip-lazy>\n\t\t<\/div>\n\t<\/div>\n\t\t<div class=\"vp-portfolio__layout-elements vp-portfolio__layout-elements-top vp-portfolio__layout-elements-align-center\">\n\t\t\t\t<div class=\"vp-portfolio__filter-wrap\">\n\t\t\n<div class=\"vp-filter vp-filter__style-leedo vlt-display-1\">\n\t\t\t<div class=\"vp-filter__item vp-filter__item-active\">\n\t\t\t<a href=\"http:\/\/www.add.com.tr\/en\/wp-json\/wp\/v2\/pages\/321\" data-vp-filter=\"*\">\n\t\t\t\tAll\n\t\t\t\t\t\t\t<\/a>\n\t\t<\/div>\n\t\t\t\t<div class=\"vp-filter__item\">\n\t\t\t<a href=\"http:\/\/www.add.com.tr\/en\/wp-json\/wp\/v2\/pages\/321?vp_filter=category%3Auncategorized\" data-vp-filter=\"uncategorized\">\n\t\t\t\tUncategorized\n\t\t\t\t\t\t\t<\/a>\n\t\t<\/div>\n\t\t<\/div>\t\t<\/div>\n\t\t\t\t<\/div>\n\t\t\t\t<div class=\"vp-portfolio__items-wrap\">\n\t\t\t\n<div class=\"vp-portfolio__items vp-portfolio__items-style-leedo_post_masonry\">\n\n\t\t<article\t\tclass=\"vp-portfolio__item-wrap post-4055 post type-post status-publish format-standard has-post-thumbnail hentry category-uncategorized vp-portfolio__item-uid-c4a3874b\" data-vp-filter=\"uncategorized\" \t\t>\n\t\t\t\t\t\t\t\t\t<figure class=\"vp-portfolio__item\">\n\t\t\t\t\n<article class=\"vlt-post vlt-post--style-masonry post-4055 post type-post status-publish format-standard has-post-thumbnail hentry category-uncategorized\">\n\n\t\t\t<div class=\"vp-portfolio__item-img-wrap\">\n\t\t\t<div class=\"vp-portfolio__item-img\">\n\n\t\t\t\t\t<a\n\t\thref=\"http:\/\/www.add.com.tr\/en\/donusum-ve-dijitallesen-dunyaya-dair\/\"\n\t\t\t>\n\t\n\t\t\t\t<noscript><img width=\"1280\" height=\"407\" src=\"http:\/\/www.add.com.tr\/wp-content\/uploads\/2022\/06\/1920-1280x407.jpg\" class=\"wp-image-4057\" alt=\"\" loading=\"lazy\" srcset=\"http:\/\/www.add.com.tr\/wp-content\/uploads\/2022\/06\/1920-1280x407.jpg 1280w, http:\/\/www.add.com.tr\/wp-content\/uploads\/2022\/06\/1920-300x95.jpg 300w, http:\/\/www.add.com.tr\/wp-content\/uploads\/2022\/06\/1920-1024x326.jpg 1024w, http:\/\/www.add.com.tr\/wp-content\/uploads\/2022\/06\/1920-768x244.jpg 768w, http:\/\/www.add.com.tr\/wp-content\/uploads\/2022\/06\/1920-1536x489.jpg 1536w, http:\/\/www.add.com.tr\/wp-content\/uploads\/2022\/06\/1920-18x6.jpg 18w, http:\/\/www.add.com.tr\/wp-content\/uploads\/2022\/06\/1920-500x159.jpg 500w, http:\/\/www.add.com.tr\/wp-content\/uploads\/2022\/06\/1920-800x255.jpg 800w, http:\/\/www.add.com.tr\/wp-content\/uploads\/2022\/06\/1920.jpg 1920w\" sizes=\"(max-width: 1280px) 100vw, 1280px\" \/><\/noscript><img width=\"1280\" height=\"407\" src=\"http:\/\/www.add.com.tr\/wp-content\/uploads\/2022\/06\/1920-1280x407.jpg\" class=\"wp-image-4057 vp-lazyload\" alt loading=\"eager\" srcset=\"data:image\/svg+xml;base64,PHN2ZyB3aWR0aD0iMTI4MCIgaGVpZ2h0PSI0MDciIHZpZXdCb3g9IjAgMCAxMjgwIDQwNyIgZmlsbD0ibm9uZSIgeG1sbnM9Imh0dHA6Ly93d3cudzMub3JnLzIwMDAvc3ZnIj48L3N2Zz4=\" data-src=\"http:\/\/www.add.com.tr\/wp-content\/uploads\/2022\/06\/1920-1280x407.jpg\" data-srcset=\"http:\/\/www.add.com.tr\/wp-content\/uploads\/2022\/06\/1920-1280x407.jpg 1280w, http:\/\/www.add.com.tr\/wp-content\/uploads\/2022\/06\/1920-300x95.jpg 300w, http:\/\/www.add.com.tr\/wp-content\/uploads\/2022\/06\/1920-1024x326.jpg 1024w, http:\/\/www.add.com.tr\/wp-content\/uploads\/2022\/06\/1920-768x244.jpg 768w, http:\/\/www.add.com.tr\/wp-content\/uploads\/2022\/06\/1920-1536x489.jpg 1536w, http:\/\/www.add.com.tr\/wp-content\/uploads\/2022\/06\/1920-18x6.jpg 18w, http:\/\/www.add.com.tr\/wp-content\/uploads\/2022\/06\/1920-500x159.jpg 500w, http:\/\/www.add.com.tr\/wp-content\/uploads\/2022\/06\/1920-800x255.jpg 800w, http:\/\/www.add.com.tr\/wp-content\/uploads\/2022\/06\/1920.jpg 1920w\" data-sizes=\"auto\">\n\t\t\t\t<\/a>\n\t\t\t<\/div>\n\t\t<\/div>\n\t\t<!-- \/.vp-portfolio__item-img-wrap -->\n\t\n\t<div class=\"vlt-post-content vlt-post-content--padding vlt-post-content--background\">\n\n\t\t<header class=\"vlt-post-header\">\n\t\t\t\r\n<h3 class=\"vlt-post-title\"><a href=\"http:\/\/www.add.com.tr\/en\/donusum-ve-dijitallesen-dunyaya-dair\/\">D\u00f6n\u00fc\u015f\u00fcm Ve Dijitalle\u015fen D\u00fcnyaya Dair\u2026<\/a><\/h3>\r\n<!-- \/.vlt-post-title -->\t\t\t\r\n<div class=\"vlt-post-meta vlt-display-1\">\r\n\r\n\t<span><time datetime=\"2022-06-21T18:05:55+03:00\">21 June 2022<\/time><\/span>\r\n\r\n\t\t\t<span><a href=\"http:\/\/www.add.com.tr\/en\/category\/uncategorized\/\">Uncategorized<\/a><\/span>\r\n\t\r\n<\/div>\r\n<!-- \/.vlt-post-meta -->\t\t<\/header>\n\t\t<!-- \/.vlt-post-header -->\n\n\t\t<div class=\"vlt-post-excerpt\">\n\t\t\t\nK\u00fcresel d\u00f6n\u00fc\u015f\u00fcm\u00fcn i\u00e7indeyiz. Bu d\u00f6n\u00fc\u015f\u00fcm s\u00fcreklilik arz ediyor; Dura\u011fan ve stabil olan bir d\u00f6n\u00fc\u015f\u00fcm dinami\u011fi de\u011fil. ... \t\t<\/div>\n\t\t<!-- \/.vlt-post-excerpt -->\n\n\t<\/div>\n\t<!-- \/.vlt-post-content -->\n\n<\/article>\n<!-- \/.vlt-post -->\t\t\t<\/figure>\n\t\t\t\t\t<\/article>\n\t\t\n\t\t<article\t\tclass=\"vp-portfolio__item-wrap post-3795 post type-post status-publish format-standard has-post-thumbnail hentry category-uncategorized vp-portfolio__item-uid-f08ee67b\" data-vp-filter=\"uncategorized\" style=\"--vp-images__object-position: 46% 43%;\" \t\t>\n\t\t\t\t\t\t\t\t\t<figure class=\"vp-portfolio__item\">\n\t\t\t\t\n<article class=\"vlt-post vlt-post--style-masonry post-3795 post type-post status-publish format-standard has-post-thumbnail hentry category-uncategorized\">\n\n\t\t\t<div class=\"vp-portfolio__item-img-wrap\">\n\t\t\t<div class=\"vp-portfolio__item-img\">\n\n\t\t\t\t\t<a\n\t\thref=\"http:\/\/www.add.com.tr\/en\/yeni-yeniliklere-yolculuk-2\/\"\n\t\t\t>\n\t\n\t\t\t\t<noscript><img width=\"1280\" height=\"407\" src=\"http:\/\/www.add.com.tr\/wp-content\/uploads\/2022\/05\/blog2-1280x407.jpg\" class=\"wp-image-3796\" alt=\"\" loading=\"lazy\" srcset=\"http:\/\/www.add.com.tr\/wp-content\/uploads\/2022\/05\/blog2-1280x407.jpg 1280w, http:\/\/www.add.com.tr\/wp-content\/uploads\/2022\/05\/blog2-300x95.jpg 300w, http:\/\/www.add.com.tr\/wp-content\/uploads\/2022\/05\/blog2-1024x326.jpg 1024w, http:\/\/www.add.com.tr\/wp-content\/uploads\/2022\/05\/blog2-768x244.jpg 768w, http:\/\/www.add.com.tr\/wp-content\/uploads\/2022\/05\/blog2-1536x489.jpg 1536w, http:\/\/www.add.com.tr\/wp-content\/uploads\/2022\/05\/blog2-500x159.jpg 500w, http:\/\/www.add.com.tr\/wp-content\/uploads\/2022\/05\/blog2-800x255.jpg 800w, http:\/\/www.add.com.tr\/wp-content\/uploads\/2022\/05\/blog2.jpg 1920w\" sizes=\"(max-width: 1280px) 100vw, 1280px\" \/><\/noscript><img width=\"1280\" height=\"407\" src=\"http:\/\/www.add.com.tr\/wp-content\/uploads\/2022\/05\/blog2-1280x407.jpg\" class=\"wp-image-3796 vp-lazyload\" alt loading=\"eager\" srcset=\"data:image\/svg+xml;base64,PHN2ZyB3aWR0aD0iMTI4MCIgaGVpZ2h0PSI0MDciIHZpZXdCb3g9IjAgMCAxMjgwIDQwNyIgZmlsbD0ibm9uZSIgeG1sbnM9Imh0dHA6Ly93d3cudzMub3JnLzIwMDAvc3ZnIj48L3N2Zz4=\" data-src=\"http:\/\/www.add.com.tr\/wp-content\/uploads\/2022\/05\/blog2-1280x407.jpg\" data-srcset=\"http:\/\/www.add.com.tr\/wp-content\/uploads\/2022\/05\/blog2-1280x407.jpg 1280w, http:\/\/www.add.com.tr\/wp-content\/uploads\/2022\/05\/blog2-300x95.jpg 300w, http:\/\/www.add.com.tr\/wp-content\/uploads\/2022\/05\/blog2-1024x326.jpg 1024w, http:\/\/www.add.com.tr\/wp-content\/uploads\/2022\/05\/blog2-768x244.jpg 768w, http:\/\/www.add.com.tr\/wp-content\/uploads\/2022\/05\/blog2-1536x489.jpg 1536w, http:\/\/www.add.com.tr\/wp-content\/uploads\/2022\/05\/blog2-500x159.jpg 500w, http:\/\/www.add.com.tr\/wp-content\/uploads\/2022\/05\/blog2-800x255.jpg 800w, http:\/\/www.add.com.tr\/wp-content\/uploads\/2022\/05\/blog2.jpg 1920w\" data-sizes=\"auto\">\n\t\t\t\t<\/a>\n\t\t\t<\/div>\n\t\t<\/div>\n\t\t<!-- \/.vp-portfolio__item-img-wrap -->\n\t\n\t<div class=\"vlt-post-content vlt-post-content--padding vlt-post-content--background\">\n\n\t\t<header class=\"vlt-post-header\">\n\t\t\t\r\n<h3 class=\"vlt-post-title\"><a href=\"http:\/\/www.add.com.tr\/en\/yeni-yeniliklere-yolculuk-2\/\">Yeni Yeniliklere Yolculuk \u2013 2<\/a><\/h3>\r\n<!-- \/.vlt-post-title -->\t\t\t\r\n<div class=\"vlt-post-meta vlt-display-1\">\r\n\r\n\t<span><time datetime=\"2022-05-10T15:46:57+03:00\">10 May 2022<\/time><\/span>\r\n\r\n\t\t\t<span><a href=\"http:\/\/www.add.com.tr\/en\/category\/uncategorized\/\">Uncategorized<\/a><\/span>\r\n\t\r\n<\/div>\r\n<!-- \/.vlt-post-meta -->\t\t<\/header>\n\t\t<!-- \/.vlt-post-header -->\n\n\t\t<div class=\"vlt-post-excerpt\">\n\t\t\t\nBir \u00f6nceki yaz\u0131m\u0131zda, \u2018Yeni Yeniliklere Yolculuk\u2019 s\u00f6yleminin bizim i\u00e7in ne kadar de\u011ferli oldu\u011fundan bahsedece\u011fimizi s\u00f6ylemi\u015ftik.\n\n\n\nBu s\u00f6ylem ... \t\t<\/div>\n\t\t<!-- \/.vlt-post-excerpt -->\n\n\t<\/div>\n\t<!-- \/.vlt-post-content -->\n\n<\/article>\n<!-- \/.vlt-post -->\t\t\t<\/figure>\n\t\t\t\t\t<\/article>\n\t\t\n\t\t<article\t\tclass=\"vp-portfolio__item-wrap post-3732 post type-post status-publish format-standard has-post-thumbnail hentry category-uncategorized vp-portfolio__item-uid-94059b52\" data-vp-filter=\"uncategorized\" style=\"--vp-images__object-position: 53% 50%;\" \t\t>\n\t\t\t\t\t\t\t\t\t<figure class=\"vp-portfolio__item\">\n\t\t\t\t\n<article class=\"vlt-post vlt-post--style-masonry post-3732 post type-post status-publish format-standard has-post-thumbnail hentry category-uncategorized\">\n\n\t\t\t<div class=\"vp-portfolio__item-img-wrap\">\n\t\t\t<div class=\"vp-portfolio__item-img\">\n\n\t\t\t\t\t<a\n\t\thref=\"http:\/\/www.add.com.tr\/en\/yeni-yeniliklere-yolculuk-1\/\"\n\t\t\t>\n\t\n\t\t\t\t<noscript><img width=\"1280\" height=\"407\" src=\"http:\/\/www.add.com.tr\/wp-content\/uploads\/2022\/04\/blog1-1280x407.jpg\" class=\"wp-image-3742\" alt=\"\" loading=\"lazy\" srcset=\"http:\/\/www.add.com.tr\/wp-content\/uploads\/2022\/04\/blog1-1280x407.jpg 1280w, http:\/\/www.add.com.tr\/wp-content\/uploads\/2022\/04\/blog1-300x95.jpg 300w, http:\/\/www.add.com.tr\/wp-content\/uploads\/2022\/04\/blog1-1024x326.jpg 1024w, http:\/\/www.add.com.tr\/wp-content\/uploads\/2022\/04\/blog1-768x244.jpg 768w, http:\/\/www.add.com.tr\/wp-content\/uploads\/2022\/04\/blog1-1536x489.jpg 1536w, http:\/\/www.add.com.tr\/wp-content\/uploads\/2022\/04\/blog1-500x159.jpg 500w, http:\/\/www.add.com.tr\/wp-content\/uploads\/2022\/04\/blog1-800x255.jpg 800w, http:\/\/www.add.com.tr\/wp-content\/uploads\/2022\/04\/blog1.jpg 1920w\" sizes=\"(max-width: 1280px) 100vw, 1280px\" \/><\/noscript><img width=\"1280\" height=\"407\" src=\"http:\/\/www.add.com.tr\/wp-content\/uploads\/2022\/04\/blog1-1280x407.jpg\" class=\"wp-image-3742 vp-lazyload\" alt loading=\"eager\" srcset=\"data:image\/svg+xml;base64,PHN2ZyB3aWR0aD0iMTI4MCIgaGVpZ2h0PSI0MDciIHZpZXdCb3g9IjAgMCAxMjgwIDQwNyIgZmlsbD0ibm9uZSIgeG1sbnM9Imh0dHA6Ly93d3cudzMub3JnLzIwMDAvc3ZnIj48L3N2Zz4=\" data-src=\"http:\/\/www.add.com.tr\/wp-content\/uploads\/2022\/04\/blog1-1280x407.jpg\" data-srcset=\"http:\/\/www.add.com.tr\/wp-content\/uploads\/2022\/04\/blog1-1280x407.jpg 1280w, http:\/\/www.add.com.tr\/wp-content\/uploads\/2022\/04\/blog1-300x95.jpg 300w, http:\/\/www.add.com.tr\/wp-content\/uploads\/2022\/04\/blog1-1024x326.jpg 1024w, http:\/\/www.add.com.tr\/wp-content\/uploads\/2022\/04\/blog1-768x244.jpg 768w, http:\/\/www.add.com.tr\/wp-content\/uploads\/2022\/04\/blog1-1536x489.jpg 1536w, http:\/\/www.add.com.tr\/wp-content\/uploads\/2022\/04\/blog1-500x159.jpg 500w, http:\/\/www.add.com.tr\/wp-content\/uploads\/2022\/04\/blog1-800x255.jpg 800w, http:\/\/www.add.com.tr\/wp-content\/uploads\/2022\/04\/blog1.jpg 1920w\" data-sizes=\"auto\">\n\t\t\t\t<\/a>\n\t\t\t<\/div>\n\t\t<\/div>\n\t\t<!-- \/.vp-portfolio__item-img-wrap -->\n\t\n\t<div class=\"vlt-post-content vlt-post-content--padding vlt-post-content--background\">\n\n\t\t<header class=\"vlt-post-header\">\n\t\t\t\r\n<h3 class=\"vlt-post-title\"><a href=\"http:\/\/www.add.com.tr\/en\/yeni-yeniliklere-yolculuk-1\/\">Yeni Yeniliklere Yolculuk \u2013 1<\/a><\/h3>\r\n<!-- \/.vlt-post-title -->\t\t\t\r\n<div class=\"vlt-post-meta vlt-display-1\">\r\n\r\n\t<span><time datetime=\"2022-04-14T20:38:37+03:00\">14 April 2022<\/time><\/span>\r\n\r\n\t\t\t<span><a href=\"http:\/\/www.add.com.tr\/en\/category\/uncategorized\/\">Uncategorized<\/a><\/span>\r\n\t\r\n<\/div>\r\n<!-- \/.vlt-post-meta -->\t\t<\/header>\n\t\t<!-- \/.vlt-post-header -->\n\n\t\t<div class=\"vlt-post-excerpt\">\n\t\t\t\nWeb sitemizi yenilemenin heyecan\u0131yla, bizim i\u00e7in yeni ve g\u00fczel bir u\u011fra\u015f olsun, alternatif ve m\u00fcmk\u00fcnse interaktif ... \t\t<\/div>\n\t\t<!-- \/.vlt-post-excerpt -->\n\n\t<\/div>\n\t<!-- \/.vlt-post-content -->\n\n<\/article>\n<!-- \/.vlt-post -->\t\t\t<\/figure>\n\t\t\t\t\t<\/article>\n\t\t\n<\/div>\n\t\t<\/div>\n\t\t\t\t<div class=\"vp-portfolio__layout-elements vp-portfolio__layout-elements-bottom vp-portfolio__layout-elements-align-center\">\n\t\t\t\t<div class=\"vp-portfolio__pagination-wrap\">\n\t\t\n<div class=\"vp-pagination vp-pagination__no-more vp-pagination__style-leedo\" data-vp-pagination-type=\"load-more\">\n\t<div class=\"vp-pagination__item\">\n\t\t<a class=\"vp-pagination__load-more vlt-btn vlt-btn--primary vlt-btn--lg vlt-btn--effect\" href=\"\">\n\t\t\t<span>Load More<\/span>\n\t\t\t<span class=\"vp-pagination__load-more-loading\"><i class=\"fas fa-spinner fa-spin\"><\/i>Loading...<\/span>\n\t\t\t<span class=\"vp-pagination__load-more-no-more\">No More Posts<\/span>\n\t\t<\/a>\n\t<\/div>\n<\/div>\t\t<\/div>\n\t\t\t\t<\/div>\n\t\t\n<\/div>\n<\/div><\/div><\/div><div class=\"wpb_column vc_column_container vc_col-sm-12\"><div class=\"vc_column-inner\"><div class=\"wpb_wrapper\"><div class=\"ult-spacer spacer-69f72d7a3515b\" data-id=\"69f72d7a3515b\" data-height=\"120\" data-height-mobile=\"120\" data-height-tab=\"120\" data-height-tab-portrait=\"\" data-height-mobile-landscape=\"\" style=\"clear:both;display:block;\"><\/div><\/div><\/div><\/div><\/div><div class=\"vc_row-full-width vc_clearfix\"><\/div><\/section>","protected":false},"excerpt":{"rendered":"Web sitemizi yenilemenin heyecan\u0131yla, bizim i\u00e7in yeni ve g\u00fczel bir u\u011fra\u015f olsun, alternatif ve m\u00fcmk\u00fcnse interaktif bir ileti\u015fim kanal\u0131 a\u00e7arak birlikte daha \u00e7ok \u015fey payla\u015fal\u0131m diye d\u00fc\u015f\u00fcnerek ayn\u0131 zamanda blo\u011fumuzu da a\u00e7maya karar verdik. \u00c7oook uzun y\u0131llar \u00f6nce ve \u00e7ok amat\u00f6r bir \u015fekilde alelacele hayata ge\u00e7irdi\u011fimiz web sitemiz adeta \u2018terzi kendi s\u00f6k\u00fc\u011f\u00fcn\u00fc dikemez\u2019 atas\u00f6z\u00fcn\u00fcn kar\u015f\u0131l\u0131\u011f\u0131n\u0131 [...]","protected":false},"author":1,"featured_media":2814,"parent":0,"menu_order":40,"comment_status":"closed","ping_status":"closed","template":"template-custom-page.php","meta":{"_vp_format_video_url":"","_vp_image_focal_point":[]},"acf":[],"_links":{"self":[{"href":"http:\/\/www.add.com.tr\/en\/wp-json\/wp\/v2\/pages\/321"}],"collection":[{"href":"http:\/\/www.add.com.tr\/en\/wp-json\/wp\/v2\/pages"}],"about":[{"href":"http:\/\/www.add.com.tr\/en\/wp-json\/wp\/v2\/types\/page"}],"author":[{"embeddable":true,"href":"http:\/\/www.add.com.tr\/en\/wp-json\/wp\/v2\/users\/1"}],"replies":[{"embeddable":true,"href":"http:\/\/www.add.com.tr\/en\/wp-json\/wp\/v2\/comments?post=321"}],"version-history":[{"count":1,"href":"http:\/\/www.add.com.tr\/en\/wp-json\/wp\/v2\/pages\/321\/revisions"}],"predecessor-version":[{"id":3558,"href":"http:\/\/www.add.com.tr\/en\/wp-json\/wp\/v2\/pages\/321\/revisions\/3558"}],"wp:featuredmedia":[{"embeddable":true,"href":"http:\/\/www.add.com.tr\/en\/wp-json\/wp\/v2\/media\/2814"}],"wp:attachment":[{"href":"http:\/\/www.add.com.tr\/en\/wp-json\/wp\/v2\/media?parent=321"}],"curies":[{"name":"wp","href":"https:\/\/api.w.org\/{rel}","templated":true}]}}